{"id":1236,"date":"2021-06-24T11:31:32","date_gmt":"2021-06-24T11:31:32","guid":{"rendered":"https:\/\/www.dimali.at\/?page_id=1236"},"modified":"2022-10-17T19:45:15","modified_gmt":"2022-10-17T19:45:15","slug":"abseits-der-buehne-coaching","status":"publish","type":"page","link":"https:\/\/www.dimali.at\/?page_id=1236","title":{"rendered":"Abseits der B\u00fchne (Coaching und Training)"},"content":{"rendered":"\n<h2>\n\t\tCoach und Trainerin\n\t<\/h2>\n<h2>\n\t\tWorkshops und Seminare:\n\t<\/h2>\n\t<ul>\n<li>Gewaltpr\u00e4vention (Projekt HAK)<\/li>\n<li>Workshops zu den Themen Gestik, Mimik, K\u00f6rperbewu\u00dftsein (Verein TransX)<\/li>\n<li>EU Projekt \u201eHiphoppera&#8220; (Projekt zur Qualifizierung arbeitsloser Jugendliche)<\/li>\n<li>Projekt \u201eL\u00f6sung vorhanden, Problem gesucht&#8220; der Firma \u201eIhr Mehrwert&#8220; (Konzeptions- und dramaturgische Beratung und Pr\u00e4sentationscoaching)<\/li>\n<li>Auditionworkshops (MUK Wien)<\/li>\n<\/ul>\n\t\t\t\t<img loading=\"lazy\" decoding=\"async\" src=\"https:\/\/www.dimali.at\/wp-content\/uploads\/2022\/09\/IMG_1398.jpg\" alt=\"IMG_1398\" itemprop=\"image\" height=\"480\" width=\"720\" title=\"IMG_1398\" onerror=\"this.style.display='none'\"  \/>\n<h2>\n\t\tLehrt\u00e4tigkeiten:\n\t<\/h2>\n\t<ul>\n<li>Dramatik- und Atemtechniklehrerin an der Schauspielschule des Graumann Theaters.<\/li>\n<li>Dramatikworkshops f\u00fcr die Klasse der Operetten-, Musical- und Chansonabteilung am Konservatorium der Stadt Wien<\/li>\n<li>Schauspielunterricht bei den Opernmeisterkursen im Stift P\u00f6llau<\/li>\n<\/ul>\n<h2>\n\t\tT\u00e4tigkeit als Hypnosetrainerin und Trainerin f\u00fcr Kinderhypnose:\n\t<\/h2>\n\t<p>N\u00e4here Infos unter <a href=\"http:\/\/www.mentalpowerartists.com\">www.mentalpowerartists.com<\/a><\/p>\n<h2>\n\t\tAls Schauspiel- und\/oder Gesangscoach Zusammenarbeit unter anderem mit:\n\t<\/h2>\n\t<p>Monika Ballwein (S\u00e4ngerin), Andy Hallwaxx (Schauspieler und Regisseur), Theresia Haiger (Schauspielerin, Kabarettistin und S\u00e4ngerin), Sigrid Hauser (Schauspielerin, Kabarettistin und S\u00e4ngerin), Miriam Hie (Moderatorin und Kabarettistin), Aida Loos (Kabarettistin), Nadja Maleh (Kabarettistin und Schauspielerin), Missy May (S\u00e4ngerin), Oliver M\u00fclich (Musicals\u00e4nger\/-darsteller), Reinhold G. Moritz (Schauspieler), Hans Neblung (Musicals\u00e4nger\/-darsteller), Verena Scheitz (Moderatorin und Kabarettistin), Brigitte Soucek (Schauspielerin und S\u00e4ngerin), Johanna Tschautscher (Dokumentarfilmerin und Autorin), Susanna von der Burg (Operns\u00e4ngerin)<\/p>\n\t\t\t<a href=\"https:\/\/www.dimali.at\/?page_id=201\" target=\"_self\" role=\"button\" rel=\"noopener\">\n\t\t\t\t\t\t\tAnfragen f\u00fcr Coachings oder Seminare &#8211; hier klicken \n\t\t\t<\/a>\n\n<iframe src=\"http:\/\/www.facebook.com\/plugins\/like.php?href=https%3A%2F%2Fwww.dimali.at%2F%3Fpage_id%3D1236&amp;layout=standard&amp;show_faces=true&amp;width=450&amp;action=like&amp;colorscheme=light&amp;height=80\" scrolling=\"no\" frameborder=\"0\" style=\"border:none; overflow:hidden; width:450px; height:80px;\" allowTransparency=\"true\"><\/iframe>","protected":false},"excerpt":{"rendered":"<p>Coach und Trainerin Workshops und Seminare: Gewaltpr\u00e4vention (Projekt HAK) Workshops zu den Themen Gestik, Mimik, K\u00f6rperbewu\u00dftsein (Verein TransX) EU Projekt \u201eHiphoppera&#8220; (Projekt zur Qualifizierung arbeitsloser Jugendliche) Projekt \u201eL\u00f6sung vorhanden, Problem gesucht&#8220; der Firma \u201eIhr Mehrwert&#8220; (Konzeptions- und dramaturgische Beratung und &hellip; <a href=\"https:\/\/www.dimali.at\/?page_id=1236\">Weiterlesen <span class=\"meta-nav\">&rarr;<\/span><\/a><\/p>\n","protected":false},"author":1,"featured_media":0,"parent":0,"menu_order":0,"comment_status":"closed","ping_status":"closed","template":"","meta":{"ngg_post_thumbnail":0,"footnotes":""},"yoast_head":"<!-- This site is optimized with the Yoast SEO plugin v23.5 - https:\/\/yoast.com\/wordpress\/plugins\/seo\/ -->\n<title>Abseits der B\u00fchne (Coaching und Training) - Marion Dimali<\/title>\n<meta name=\"robots\" content=\"index, follow, max-snippet:-1, max-image-preview:large, max-video-preview:-1\" \/>\n<link rel=\"canonical\" href=\"https:\/\/www.dimali.at\/?page_id=1236\" \/>\n<meta property=\"og:locale\" content=\"de_DE\" \/>\n<meta property=\"og:type\" content=\"article\" \/>\n<meta property=\"og:title\" content=\"Abseits der B\u00fchne (Coaching und Training) - Marion Dimali\" \/>\n<meta property=\"og:description\" content=\"Coach und Trainerin Workshops und Seminare: Gewaltpr\u00e4vention (Projekt HAK) Workshops zu den Themen Gestik, Mimik, K\u00f6rperbewu\u00dftsein (Verein TransX) EU Projekt \u201eHiphoppera&#8220; (Projekt zur Qualifizierung arbeitsloser Jugendliche) Projekt \u201eL\u00f6sung vorhanden, Problem gesucht&#8220; der Firma \u201eIhr Mehrwert&#8220; (Konzeptions- und dramaturgische Beratung und &hellip; Weiterlesen &rarr;\" \/>\n<meta property=\"og:url\" content=\"https:\/\/www.dimali.at\/?page_id=1236\" \/>\n<meta property=\"og:site_name\" content=\"Marion Dimali\" \/>\n<meta property=\"article:modified_time\" content=\"2022-10-17T19:45:15+00:00\" \/>\n<meta property=\"og:image\" content=\"https:\/\/www.dimali.at\/wp-content\/uploads\/2022\/09\/IMG_1398.jpg\" \/>\n<meta name=\"twitter:card\" content=\"summary_large_image\" \/>\n<meta name=\"twitter:label1\" content=\"Gesch\u00e4tzte Lesezeit\" \/>\n\t<meta name=\"twitter:data1\" content=\"1\u00a0Minute\" \/>\n<script type=\"application\/ld+json\" class=\"yoast-schema-graph\">{\"@context\":\"https:\/\/schema.org\",\"@graph\":[{\"@type\":\"WebPage\",\"@id\":\"https:\/\/www.dimali.at\/?page_id=1236\",\"url\":\"https:\/\/www.dimali.at\/?page_id=1236\",\"name\":\"Abseits der B\u00fchne (Coaching und Training) - Marion Dimali\",\"isPartOf\":{\"@id\":\"https:\/\/www.dimali.at\/#website\"},\"primaryImageOfPage\":{\"@id\":\"https:\/\/www.dimali.at\/?page_id=1236#primaryimage\"},\"image\":{\"@id\":\"https:\/\/www.dimali.at\/?page_id=1236#primaryimage\"},\"thumbnailUrl\":\"https:\/\/www.dimali.at\/wp-content\/uploads\/2022\/09\/IMG_1398.jpg\",\"datePublished\":\"2021-06-24T11:31:32+00:00\",\"dateModified\":\"2022-10-17T19:45:15+00:00\",\"breadcrumb\":{\"@id\":\"https:\/\/www.dimali.at\/?page_id=1236#breadcrumb\"},\"inLanguage\":\"de\",\"potentialAction\":[{\"@type\":\"ReadAction\",\"target\":[\"https:\/\/www.dimali.at\/?page_id=1236\"]}]},{\"@type\":\"ImageObject\",\"inLanguage\":\"de\",\"@id\":\"https:\/\/www.dimali.at\/?page_id=1236#primaryimage\",\"url\":\"https:\/\/www.dimali.at\/wp-content\/uploads\/2022\/09\/IMG_1398.jpg\",\"contentUrl\":\"https:\/\/www.dimali.at\/wp-content\/uploads\/2022\/09\/IMG_1398.jpg\",\"width\":720,\"height\":480},{\"@type\":\"BreadcrumbList\",\"@id\":\"https:\/\/www.dimali.at\/?page_id=1236#breadcrumb\",\"itemListElement\":[{\"@type\":\"ListItem\",\"position\":1,\"name\":\"Startseite\",\"item\":\"https:\/\/www.dimali.at\/\"},{\"@type\":\"ListItem\",\"position\":2,\"name\":\"Abseits der B\u00fchne (Coaching und Training)\"}]},{\"@type\":\"WebSite\",\"@id\":\"https:\/\/www.dimali.at\/#website\",\"url\":\"https:\/\/www.dimali.at\/\",\"name\":\"Marion Dimali\",\"description\":\"Schauspielerin, Regisseurin, S\u00e4ngerin, Autorin, Moderatorin und Coach\",\"publisher\":{\"@id\":\"https:\/\/www.dimali.at\/#\/schema\/person\/38cc8838c46d85484de5ef62a654f9da\"},\"potentialAction\":[{\"@type\":\"SearchAction\",\"target\":{\"@type\":\"EntryPoint\",\"urlTemplate\":\"https:\/\/www.dimali.at\/?s={search_term_string}\"},\"query-input\":{\"@type\":\"PropertyValueSpecification\",\"valueRequired\":true,\"valueName\":\"search_term_string\"}}],\"inLanguage\":\"de\"},{\"@type\":[\"Person\",\"Organization\"],\"@id\":\"https:\/\/www.dimali.at\/#\/schema\/person\/38cc8838c46d85484de5ef62a654f9da\",\"name\":\"admin\",\"logo\":{\"@id\":\"https:\/\/www.dimali.at\/#\/schema\/person\/image\/\"}}]}<\/script>\n<!-- \/ Yoast SEO plugin. -->","yoast_head_json":{"title":"Abseits der B\u00fchne (Coaching und Training) - Marion Dimali","robots":{"index":"index","follow":"follow","max-snippet":"max-snippet:-1","max-image-preview":"max-image-preview:large","max-video-preview":"max-video-preview:-1"},"canonical":"https:\/\/www.dimali.at\/?page_id=1236","og_locale":"de_DE","og_type":"article","og_title":"Abseits der B\u00fchne (Coaching und Training) - Marion Dimali","og_description":"Coach und Trainerin Workshops und Seminare: Gewaltpr\u00e4vention (Projekt HAK) Workshops zu den Themen Gestik, Mimik, K\u00f6rperbewu\u00dftsein (Verein TransX) EU Projekt \u201eHiphoppera&#8220; (Projekt zur Qualifizierung arbeitsloser Jugendliche) Projekt \u201eL\u00f6sung vorhanden, Problem gesucht&#8220; der Firma \u201eIhr Mehrwert&#8220; (Konzeptions- und dramaturgische Beratung und &hellip; Weiterlesen &rarr;","og_url":"https:\/\/www.dimali.at\/?page_id=1236","og_site_name":"Marion Dimali","article_modified_time":"2022-10-17T19:45:15+00:00","og_image":[{"url":"https:\/\/www.dimali.at\/wp-content\/uploads\/2022\/09\/IMG_1398.jpg"}],"twitter_card":"summary_large_image","twitter_misc":{"Gesch\u00e4tzte Lesezeit":"1\u00a0Minute"},"schema":{"@context":"https:\/\/schema.org","@graph":[{"@type":"WebPage","@id":"https:\/\/www.dimali.at\/?page_id=1236","url":"https:\/\/www.dimali.at\/?page_id=1236","name":"Abseits der B\u00fchne (Coaching und Training) - Marion Dimali","isPartOf":{"@id":"https:\/\/www.dimali.at\/#website"},"primaryImageOfPage":{"@id":"https:\/\/www.dimali.at\/?page_id=1236#primaryimage"},"image":{"@id":"https:\/\/www.dimali.at\/?page_id=1236#primaryimage"},"thumbnailUrl":"https:\/\/www.dimali.at\/wp-content\/uploads\/2022\/09\/IMG_1398.jpg","datePublished":"2021-06-24T11:31:32+00:00","dateModified":"2022-10-17T19:45:15+00:00","breadcrumb":{"@id":"https:\/\/www.dimali.at\/?page_id=1236#breadcrumb"},"inLanguage":"de","potentialAction":[{"@type":"ReadAction","target":["https:\/\/www.dimali.at\/?page_id=1236"]}]},{"@type":"ImageObject","inLanguage":"de","@id":"https:\/\/www.dimali.at\/?page_id=1236#primaryimage","url":"https:\/\/www.dimali.at\/wp-content\/uploads\/2022\/09\/IMG_1398.jpg","contentUrl":"https:\/\/www.dimali.at\/wp-content\/uploads\/2022\/09\/IMG_1398.jpg","width":720,"height":480},{"@type":"BreadcrumbList","@id":"https:\/\/www.dimali.at\/?page_id=1236#breadcrumb","itemListElement":[{"@type":"ListItem","position":1,"name":"Startseite","item":"https:\/\/www.dimali.at\/"},{"@type":"ListItem","position":2,"name":"Abseits der B\u00fchne (Coaching und Training)"}]},{"@type":"WebSite","@id":"https:\/\/www.dimali.at\/#website","url":"https:\/\/www.dimali.at\/","name":"Marion Dimali","description":"Schauspielerin, Regisseurin, S\u00e4ngerin, Autorin, Moderatorin und Coach","publisher":{"@id":"https:\/\/www.dimali.at\/#\/schema\/person\/38cc8838c46d85484de5ef62a654f9da"},"potentialAction":[{"@type":"SearchAction","target":{"@type":"EntryPoint","urlTemplate":"https:\/\/www.dimali.at\/?s={search_term_string}"},"query-input":{"@type":"PropertyValueSpecification","valueRequired":true,"valueName":"search_term_string"}}],"inLanguage":"de"},{"@type":["Person","Organization"],"@id":"https:\/\/www.dimali.at\/#\/schema\/person\/38cc8838c46d85484de5ef62a654f9da","name":"admin","logo":{"@id":"https:\/\/www.dimali.at\/#\/schema\/person\/image\/"}}]}},"_links":{"self":[{"href":"https:\/\/www.dimali.at\/index.php?rest_route=\/wp\/v2\/pages\/1236"}],"collection":[{"href":"https:\/\/www.dimali.at\/index.php?rest_route=\/wp\/v2\/pages"}],"about":[{"href":"https:\/\/www.dimali.at\/index.php?rest_route=\/wp\/v2\/types\/page"}],"author":[{"embeddable":true,"href":"https:\/\/www.dimali.at\/index.php?rest_route=\/wp\/v2\/users\/1"}],"replies":[{"embeddable":true,"href":"https:\/\/www.dimali.at\/index.php?rest_route=%2Fwp%2Fv2%2Fcomments&post=1236"}],"version-history":[{"count":16,"href":"https:\/\/www.dimali.at\/index.php?rest_route=\/wp\/v2\/pages\/1236\/revisions"}],"predecessor-version":[{"id":1659,"href":"https:\/\/www.dimali.at\/index.php?rest_route=\/wp\/v2\/pages\/1236\/revisions\/1659"}],"wp:attachment":[{"href":"https:\/\/www.dimali.at\/index.php?rest_route=%2Fwp%2Fv2%2Fmedia&parent=1236"}],"curies":[{"name":"wp","href":"https:\/\/api.w.org\/{rel}","templated":true}]}}