{"id":15,"date":"2010-12-01T14:58:03","date_gmt":"2010-12-01T14:58:03","guid":{"rendered":"http:\/\/www.dimali.at\/?page_id=15"},"modified":"2022-09-18T18:52:31","modified_gmt":"2022-09-18T18:52:31","slug":"autorin","status":"publish","type":"page","link":"https:\/\/www.dimali.at\/?page_id=15","title":{"rendered":"F\u00fcr die B\u00fchne (als Autorin)"},"content":{"rendered":"\n<h2>\n\t\tAutorin\n\t<\/h2>\n\t<ul>\n<li><strong>Manche m\u00f6gen&#8217;s wei\u00df<\/strong> (Soloprogramm; Co-Autor: Michael Niavarani)<\/li>\n<li><strong>Regenbogenparade 1998<\/strong> (Moderationen; Co-Autorin: Sigrid Hauser)<\/li>\n<li><strong>Vienna Opera Ball Hongkong<\/strong> (Rahmenprogramm; Co-Autorin: Sigrid Hauser)<\/li>\n<li><strong>Strau\u00dfmania<\/strong> (Moderationen Stadtfest Wien 1999; Co-Autorin: Sigrid Hauser)<\/li>\n<li><strong>Lebenszeichen<\/strong> (Soloprogramm; Co-Autorin: Kyra Sator)<\/li>\n<li><strong>Der Weg ist das Ziel<\/strong> (Co-Autorin: Kyra Sator)<\/li>\n<li><strong>100 Jahre Miele &#8211; Kabarett<\/strong><br \/>\n<strong>Hilde<\/strong> (Kom\u00f6die; Co-Autorin: Emanuela Thurner)<\/li>\n<li><strong>Kurschatten<\/strong> (Dinner&amp;Crime; Co-Autoren: Michael Kremnitzer und Franz-Josef Koepp)<\/li>\n<\/ul>\n<h2>\n\t\tTextbeitr\u00e4ge f\u00fcr:\n\t<\/h2>\n\t<ul>\n<li><strong>Die kranken Schwestern<\/strong> &#8211; ORF<\/li>\n<li><strong>Florence Foster Jenkins Award<\/strong> &#8211; Kabarett Simpl<\/li>\n<li><strong>Der 12. Mann ist eine Frau<\/strong> (Kabarett)<\/li>\n<li><strong>Mizzilieder<\/strong> (Musikalisches Kabarett)<\/li>\n<li><strong>F\u00e4lbl-wer sonst?<\/strong> Kabarettsolo Christoph F\u00e4lbl<\/li>\n<li>Textbeitr\u00e4ge f\u00fcr diverse Kabarettprogramme<\/li>\n<\/ul>\n<h2>\n\t\tSt\u00fcckbearbeitung\n\t<\/h2>\n\t<strong>Polnische Hochzeit<br \/>\n<\/strong>Bearbeitung und Strichfassung des Libretto von A. Gr\u00fcnwald und F. L\u00f6hner-Beda der Operette f\u00fcr die\u00a0\u00f6sterreichischen Urauff\u00fchrung 2012\n<h2>\n\t\tDramaturgische, textliche und inhaltliche Beratung u.a. f\u00fcr:\n\t<\/h2>\n\t<ul>\n<li>ohne alles &#8211; hans pur (Hans Neblung)<\/li>\n<li>Glanz und Gloria (Sigrid Hauser)<\/li>\n<li>Flugangsthasen\/ Radioatkiv\/ Jackpot\/<\/li>\n<li>BestOf\u00a0(Nadja Maleh)<\/li>\n<li>Total Brachial\/\u00a0Der Paragrafenreiter\/<\/li>\n<li>DichterVerkehr\u00a0(Ludwig W. M\u00fcller)<\/li>\n<li>Helfried bitte melde dich (Christian H\u00f6lbling)<\/li>\n<li>Realit\u00e4tsverlust (Stefan Mikl)<\/li>\n<li>Andy Ferner Superstar Directorscut\/ Schule Oida\/ BildungsFerner\u00a0(Andreas Ferner)<\/li>\n<li>Raus mit der Sprache (Andy Woerz)<\/li>\n<li>Sie werden dran glauben m\u00fcssen (Susanne P\u00f6chacker)<\/li>\n<li>a life\/ F\u00e4lbl-wer sonst?\/ Papa m.b.H.\u00a0(Christoph F\u00e4lbl)<\/li>\n<li>Frauen aus dem Hinterhalt (Patricia Simpson\/Steffi Paschke\/Verena Scheitz)<\/li>\n<li>Ferner vs. Hofbauer (Andreas Ferner und Heinz Hofbauer)<\/li>\n<\/ul>\n\n<iframe src=\"http:\/\/www.facebook.com\/plugins\/like.php?href=https%3A%2F%2Fwww.dimali.at%2F%3Fpage_id%3D15&amp;layout=standard&amp;show_faces=true&amp;width=450&amp;action=like&amp;colorscheme=light&amp;height=80\" scrolling=\"no\" frameborder=\"0\" style=\"border:none; overflow:hidden; width:450px; height:80px;\" allowTransparency=\"true\"><\/iframe>","protected":false},"excerpt":{"rendered":"<p>Autorin Manche m\u00f6gen&#8217;s wei\u00df (Soloprogramm; Co-Autor: Michael Niavarani) Regenbogenparade 1998 (Moderationen; Co-Autorin: Sigrid Hauser) Vienna Opera Ball Hongkong (Rahmenprogramm; Co-Autorin: Sigrid Hauser) Strau\u00dfmania (Moderationen Stadtfest Wien 1999; Co-Autorin: Sigrid Hauser) Lebenszeichen (Soloprogramm; Co-Autorin: Kyra Sator) Der Weg ist das Ziel &hellip; <a href=\"https:\/\/www.dimali.at\/?page_id=15\">Weiterlesen <span class=\"meta-nav\">&rarr;<\/span><\/a><\/p>\n","protected":false},"author":1,"featured_media":0,"parent":379,"menu_order":4,"comment_status":"closed","ping_status":"closed","template":"","meta":{"ngg_post_thumbnail":0,"footnotes":""},"yoast_head":"<!-- This site is optimized with the Yoast SEO plugin v23.5 - https:\/\/yoast.com\/wordpress\/plugins\/seo\/ -->\n<title>F\u00fcr die B\u00fchne (als Autorin) - Marion Dimali<\/title>\n<meta name=\"robots\" content=\"index, follow, max-snippet:-1, max-image-preview:large, max-video-preview:-1\" \/>\n<link rel=\"canonical\" href=\"https:\/\/www.dimali.at\/?page_id=15\" \/>\n<meta property=\"og:locale\" content=\"de_DE\" \/>\n<meta property=\"og:type\" content=\"article\" \/>\n<meta property=\"og:title\" content=\"F\u00fcr die B\u00fchne (als Autorin) - Marion Dimali\" \/>\n<meta property=\"og:description\" content=\"Autorin Manche m\u00f6gen&#8217;s wei\u00df (Soloprogramm; Co-Autor: Michael Niavarani) Regenbogenparade 1998 (Moderationen; Co-Autorin: Sigrid Hauser) Vienna Opera Ball Hongkong (Rahmenprogramm; Co-Autorin: Sigrid Hauser) Strau\u00dfmania (Moderationen Stadtfest Wien 1999; Co-Autorin: Sigrid Hauser) Lebenszeichen (Soloprogramm; Co-Autorin: Kyra Sator) Der Weg ist das Ziel &hellip; Weiterlesen &rarr;\" \/>\n<meta property=\"og:url\" content=\"https:\/\/www.dimali.at\/?page_id=15\" \/>\n<meta property=\"og:site_name\" content=\"Marion Dimali\" \/>\n<meta property=\"article:modified_time\" content=\"2022-09-18T18:52:31+00:00\" \/>\n<meta name=\"twitter:card\" content=\"summary_large_image\" \/>\n<meta name=\"twitter:label1\" content=\"Gesch\u00e4tzte Lesezeit\" \/>\n\t<meta name=\"twitter:data1\" content=\"1\u00a0Minute\" \/>\n<script type=\"application\/ld+json\" class=\"yoast-schema-graph\">{\"@context\":\"https:\/\/schema.org\",\"@graph\":[{\"@type\":\"WebPage\",\"@id\":\"https:\/\/www.dimali.at\/?page_id=15\",\"url\":\"https:\/\/www.dimali.at\/?page_id=15\",\"name\":\"F\u00fcr die B\u00fchne (als Autorin) - Marion Dimali\",\"isPartOf\":{\"@id\":\"https:\/\/www.dimali.at\/#website\"},\"datePublished\":\"2010-12-01T14:58:03+00:00\",\"dateModified\":\"2022-09-18T18:52:31+00:00\",\"breadcrumb\":{\"@id\":\"https:\/\/www.dimali.at\/?page_id=15#breadcrumb\"},\"inLanguage\":\"de\",\"potentialAction\":[{\"@type\":\"ReadAction\",\"target\":[\"https:\/\/www.dimali.at\/?page_id=15\"]}]},{\"@type\":\"BreadcrumbList\",\"@id\":\"https:\/\/www.dimali.at\/?page_id=15#breadcrumb\",\"itemListElement\":[{\"@type\":\"ListItem\",\"position\":1,\"name\":\"Startseite\",\"item\":\"https:\/\/www.dimali.at\/\"},{\"@type\":\"ListItem\",\"position\":2,\"name\":\"Marion\",\"item\":\"https:\/\/www.dimali.at\/?page_id=379\"},{\"@type\":\"ListItem\",\"position\":3,\"name\":\"F\u00fcr die B\u00fchne (als Autorin)\"}]},{\"@type\":\"WebSite\",\"@id\":\"https:\/\/www.dimali.at\/#website\",\"url\":\"https:\/\/www.dimali.at\/\",\"name\":\"Marion Dimali\",\"description\":\"Schauspielerin, Regisseurin, S\u00e4ngerin, Autorin, Moderatorin und Coach\",\"publisher\":{\"@id\":\"https:\/\/www.dimali.at\/#\/schema\/person\/38cc8838c46d85484de5ef62a654f9da\"},\"potentialAction\":[{\"@type\":\"SearchAction\",\"target\":{\"@type\":\"EntryPoint\",\"urlTemplate\":\"https:\/\/www.dimali.at\/?s={search_term_string}\"},\"query-input\":{\"@type\":\"PropertyValueSpecification\",\"valueRequired\":true,\"valueName\":\"search_term_string\"}}],\"inLanguage\":\"de\"},{\"@type\":[\"Person\",\"Organization\"],\"@id\":\"https:\/\/www.dimali.at\/#\/schema\/person\/38cc8838c46d85484de5ef62a654f9da\",\"name\":\"admin\",\"logo\":{\"@id\":\"https:\/\/www.dimali.at\/#\/schema\/person\/image\/\"}}]}<\/script>\n<!-- \/ Yoast SEO plugin. -->","yoast_head_json":{"title":"F\u00fcr die B\u00fchne (als Autorin) - Marion Dimali","robots":{"index":"index","follow":"follow","max-snippet":"max-snippet:-1","max-image-preview":"max-image-preview:large","max-video-preview":"max-video-preview:-1"},"canonical":"https:\/\/www.dimali.at\/?page_id=15","og_locale":"de_DE","og_type":"article","og_title":"F\u00fcr die B\u00fchne (als Autorin) - Marion Dimali","og_description":"Autorin Manche m\u00f6gen&#8217;s wei\u00df (Soloprogramm; Co-Autor: Michael Niavarani) Regenbogenparade 1998 (Moderationen; Co-Autorin: Sigrid Hauser) Vienna Opera Ball Hongkong (Rahmenprogramm; Co-Autorin: Sigrid Hauser) Strau\u00dfmania (Moderationen Stadtfest Wien 1999; Co-Autorin: Sigrid Hauser) Lebenszeichen (Soloprogramm; Co-Autorin: Kyra Sator) Der Weg ist das Ziel &hellip; Weiterlesen &rarr;","og_url":"https:\/\/www.dimali.at\/?page_id=15","og_site_name":"Marion Dimali","article_modified_time":"2022-09-18T18:52:31+00:00","twitter_card":"summary_large_image","twitter_misc":{"Gesch\u00e4tzte Lesezeit":"1\u00a0Minute"},"schema":{"@context":"https:\/\/schema.org","@graph":[{"@type":"WebPage","@id":"https:\/\/www.dimali.at\/?page_id=15","url":"https:\/\/www.dimali.at\/?page_id=15","name":"F\u00fcr die B\u00fchne (als Autorin) - Marion Dimali","isPartOf":{"@id":"https:\/\/www.dimali.at\/#website"},"datePublished":"2010-12-01T14:58:03+00:00","dateModified":"2022-09-18T18:52:31+00:00","breadcrumb":{"@id":"https:\/\/www.dimali.at\/?page_id=15#breadcrumb"},"inLanguage":"de","potentialAction":[{"@type":"ReadAction","target":["https:\/\/www.dimali.at\/?page_id=15"]}]},{"@type":"BreadcrumbList","@id":"https:\/\/www.dimali.at\/?page_id=15#breadcrumb","itemListElement":[{"@type":"ListItem","position":1,"name":"Startseite","item":"https:\/\/www.dimali.at\/"},{"@type":"ListItem","position":2,"name":"Marion","item":"https:\/\/www.dimali.at\/?page_id=379"},{"@type":"ListItem","position":3,"name":"F\u00fcr die B\u00fchne (als Autorin)"}]},{"@type":"WebSite","@id":"https:\/\/www.dimali.at\/#website","url":"https:\/\/www.dimali.at\/","name":"Marion Dimali","description":"Schauspielerin, Regisseurin, S\u00e4ngerin, Autorin, Moderatorin und Coach","publisher":{"@id":"https:\/\/www.dimali.at\/#\/schema\/person\/38cc8838c46d85484de5ef62a654f9da"},"potentialAction":[{"@type":"SearchAction","target":{"@type":"EntryPoint","urlTemplate":"https:\/\/www.dimali.at\/?s={search_term_string}"},"query-input":{"@type":"PropertyValueSpecification","valueRequired":true,"valueName":"search_term_string"}}],"inLanguage":"de"},{"@type":["Person","Organization"],"@id":"https:\/\/www.dimali.at\/#\/schema\/person\/38cc8838c46d85484de5ef62a654f9da","name":"admin","logo":{"@id":"https:\/\/www.dimali.at\/#\/schema\/person\/image\/"}}]}},"_links":{"self":[{"href":"https:\/\/www.dimali.at\/index.php?rest_route=\/wp\/v2\/pages\/15"}],"collection":[{"href":"https:\/\/www.dimali.at\/index.php?rest_route=\/wp\/v2\/pages"}],"about":[{"href":"https:\/\/www.dimali.at\/index.php?rest_route=\/wp\/v2\/types\/page"}],"author":[{"embeddable":true,"href":"https:\/\/www.dimali.at\/index.php?rest_route=\/wp\/v2\/users\/1"}],"replies":[{"embeddable":true,"href":"https:\/\/www.dimali.at\/index.php?rest_route=%2Fwp%2Fv2%2Fcomments&post=15"}],"version-history":[{"count":41,"href":"https:\/\/www.dimali.at\/index.php?rest_route=\/wp\/v2\/pages\/15\/revisions"}],"predecessor-version":[{"id":1649,"href":"https:\/\/www.dimali.at\/index.php?rest_route=\/wp\/v2\/pages\/15\/revisions\/1649"}],"up":[{"embeddable":true,"href":"https:\/\/www.dimali.at\/index.php?rest_route=\/wp\/v2\/pages\/379"}],"wp:attachment":[{"href":"https:\/\/www.dimali.at\/index.php?rest_route=%2Fwp%2Fv2%2Fmedia&parent=15"}],"curies":[{"name":"wp","href":"https:\/\/api.w.org\/{rel}","templated":true}]}}