{"id":292,"date":"2011-02-23T14:02:16","date_gmt":"2011-02-23T14:02:16","guid":{"rendered":"http:\/\/www.dimali.at\/?page_id=292"},"modified":"2023-05-30T22:04:47","modified_gmt":"2023-05-30T22:04:47","slug":"links","status":"publish","type":"page","link":"https:\/\/www.dimali.at\/?page_id=292","title":{"rendered":"Links"},"content":{"rendered":"\n\n\t<h3>Marion auf<br \/>\nIMDd:<\/h3>\n\t\t\t\t<a href=\"https:\/\/www.imdb.com\/name\/nm2568132\/\" target=\"_blank\" rel=\"noopener\" itemprop=\"url\">\n\t\t\t\t<img loading=\"lazy\" decoding=\"async\" src=\"https:\/\/www.dimali.at\/wp-content\/uploads\/2020\/02\/iconfinder_171_Imdb_logo_logos_4373222-150x150.png\" alt=\"iconfinder_171_Imdb_logo_logos_4373222\" itemprop=\"image\" height=\"150\" width=\"150\" title=\"iconfinder_171_Imdb_logo_logos_4373222\" onerror=\"this.style.display='none'\"  \/>\n\t\t\t\t<\/a>\n<h2>\n\t\tFreunde und Kollegen:\n\t<\/h2>\n\t\n<ul>\n<li><a href=\"https:\/\/mentalpowerartists.com\/\" target=\"_blank\" rel=\"noopener noreferrer\"><strong>Mentalpowerartists<\/strong> &#8211; Hypnose, R\u00fcckf\u00fchrung und Mentaltraining\u00a0<\/a><\/li>\n<li><a href=\"http:\/\/christophfaelbl.at\" target=\"_blank\" rel=\"noopener noreferrer\"><strong>Christoph F\u00e4lbl<\/strong> &#8211; Schauspieler und Kabarettist<\/a><\/li>\n<li><a href=\"http:\/\/www.jankovich.at\/otto_hp_contact.html\"><strong>Otto Jankovich<\/strong> &#8211; Schauspieler, Regisseur, Autor, Komponist, Game Designer<\/a><\/li>\n<li><a href=\"http:\/\/nadjamaleh.com\" target=\"_blank\" rel=\"noopener noreferrer\"><strong>Nadja Maleh<\/strong> &#8211; Kabarettistin und Schauspielerin<\/a><\/li>\n<li><a href=\"https:\/\/www.barbara-pichlbauer.at\" target=\"_blank\" rel=\"noopener noreferrer\"><strong>Barbara Pichlbauer<\/strong> &#8211; Operns\u00e4ngerin<\/a><\/li>\n<li><a href=\"https:\/\/www.kabarettarchiv.at\/Marion-Dimali-GkW\" target=\"_blank\" rel=\"noopener\"><strong>\u00d6KA<\/strong> &#8211; \u00d6sterreichisches Kabarettarchiv<\/a><\/li>\n<\/ul>\n\n<iframe src=\"http:\/\/www.facebook.com\/plugins\/like.php?href=https%3A%2F%2Fwww.dimali.at%2F%3Fpage_id%3D292&amp;layout=standard&amp;show_faces=true&amp;width=450&amp;action=like&amp;colorscheme=light&amp;height=80\" scrolling=\"no\" frameborder=\"0\" style=\"border:none; overflow:hidden; width:450px; height:80px;\" allowTransparency=\"true\"><\/iframe>","protected":false},"excerpt":{"rendered":"<p>Marion auf IMDd: Freunde und Kollegen: Mentalpowerartists &#8211; Hypnose, R\u00fcckf\u00fchrung und Mentaltraining\u00a0 Christoph F\u00e4lbl &#8211; Schauspieler und Kabarettist Otto Jankovich &#8211; Schauspieler, Regisseur, Autor, Komponist, Game Designer Nadja Maleh &#8211; Kabarettistin und Schauspielerin Barbara Pichlbauer &#8211; Operns\u00e4ngerin \u00d6KA &#8211; \u00d6sterreichisches &hellip; <a href=\"https:\/\/www.dimali.at\/?page_id=292\">Weiterlesen <span class=\"meta-nav\">&rarr;<\/span><\/a><\/p>\n","protected":false},"author":1,"featured_media":0,"parent":0,"menu_order":0,"comment_status":"closed","ping_status":"closed","template":"","meta":{"ngg_post_thumbnail":0,"footnotes":""},"yoast_head":"<!-- This site is optimized with the Yoast SEO plugin v23.5 - https:\/\/yoast.com\/wordpress\/plugins\/seo\/ -->\n<title>Links - Marion Dimali<\/title>\n<meta name=\"robots\" content=\"index, follow, max-snippet:-1, max-image-preview:large, max-video-preview:-1\" \/>\n<link rel=\"canonical\" href=\"https:\/\/www.dimali.at\/?page_id=292\" \/>\n<meta property=\"og:locale\" content=\"de_DE\" \/>\n<meta property=\"og:type\" content=\"article\" \/>\n<meta property=\"og:title\" content=\"Links - Marion Dimali\" \/>\n<meta property=\"og:description\" content=\"Marion auf IMDd: Freunde und Kollegen: Mentalpowerartists &#8211; Hypnose, R\u00fcckf\u00fchrung und Mentaltraining\u00a0 Christoph F\u00e4lbl &#8211; Schauspieler und Kabarettist Otto Jankovich &#8211; Schauspieler, Regisseur, Autor, Komponist, Game Designer Nadja Maleh &#8211; Kabarettistin und Schauspielerin Barbara Pichlbauer &#8211; Operns\u00e4ngerin \u00d6KA &#8211; \u00d6sterreichisches &hellip; Weiterlesen &rarr;\" \/>\n<meta property=\"og:url\" content=\"https:\/\/www.dimali.at\/?page_id=292\" \/>\n<meta property=\"og:site_name\" content=\"Marion Dimali\" \/>\n<meta property=\"article:modified_time\" content=\"2023-05-30T22:04:47+00:00\" \/>\n<meta property=\"og:image\" content=\"https:\/\/www.dimali.at\/wp-content\/uploads\/2020\/02\/iconfinder_171_Imdb_logo_logos_4373222-150x150.png\" \/>\n<meta name=\"twitter:card\" content=\"summary_large_image\" \/>\n<meta name=\"twitter:label1\" content=\"Gesch\u00e4tzte Lesezeit\" \/>\n\t<meta name=\"twitter:data1\" content=\"1\u00a0Minute\" \/>\n<script type=\"application\/ld+json\" class=\"yoast-schema-graph\">{\"@context\":\"https:\/\/schema.org\",\"@graph\":[{\"@type\":\"WebPage\",\"@id\":\"https:\/\/www.dimali.at\/?page_id=292\",\"url\":\"https:\/\/www.dimali.at\/?page_id=292\",\"name\":\"Links - Marion Dimali\",\"isPartOf\":{\"@id\":\"https:\/\/www.dimali.at\/#website\"},\"primaryImageOfPage\":{\"@id\":\"https:\/\/www.dimali.at\/?page_id=292#primaryimage\"},\"image\":{\"@id\":\"https:\/\/www.dimali.at\/?page_id=292#primaryimage\"},\"thumbnailUrl\":\"https:\/\/www.dimali.at\/wp-content\/uploads\/2020\/02\/iconfinder_171_Imdb_logo_logos_4373222-150x150.png\",\"datePublished\":\"2011-02-23T14:02:16+00:00\",\"dateModified\":\"2023-05-30T22:04:47+00:00\",\"breadcrumb\":{\"@id\":\"https:\/\/www.dimali.at\/?page_id=292#breadcrumb\"},\"inLanguage\":\"de\",\"potentialAction\":[{\"@type\":\"ReadAction\",\"target\":[\"https:\/\/www.dimali.at\/?page_id=292\"]}]},{\"@type\":\"ImageObject\",\"inLanguage\":\"de\",\"@id\":\"https:\/\/www.dimali.at\/?page_id=292#primaryimage\",\"url\":\"https:\/\/www.dimali.at\/wp-content\/uploads\/2020\/02\/iconfinder_171_Imdb_logo_logos_4373222.png\",\"contentUrl\":\"https:\/\/www.dimali.at\/wp-content\/uploads\/2020\/02\/iconfinder_171_Imdb_logo_logos_4373222.png\",\"width\":512,\"height\":512},{\"@type\":\"BreadcrumbList\",\"@id\":\"https:\/\/www.dimali.at\/?page_id=292#breadcrumb\",\"itemListElement\":[{\"@type\":\"ListItem\",\"position\":1,\"name\":\"Startseite\",\"item\":\"https:\/\/www.dimali.at\/\"},{\"@type\":\"ListItem\",\"position\":2,\"name\":\"Links\"}]},{\"@type\":\"WebSite\",\"@id\":\"https:\/\/www.dimali.at\/#website\",\"url\":\"https:\/\/www.dimali.at\/\",\"name\":\"Marion Dimali\",\"description\":\"Schauspielerin, Regisseurin, S\u00e4ngerin, Autorin, Moderatorin und Coach\",\"publisher\":{\"@id\":\"https:\/\/www.dimali.at\/#\/schema\/person\/38cc8838c46d85484de5ef62a654f9da\"},\"potentialAction\":[{\"@type\":\"SearchAction\",\"target\":{\"@type\":\"EntryPoint\",\"urlTemplate\":\"https:\/\/www.dimali.at\/?s={search_term_string}\"},\"query-input\":{\"@type\":\"PropertyValueSpecification\",\"valueRequired\":true,\"valueName\":\"search_term_string\"}}],\"inLanguage\":\"de\"},{\"@type\":[\"Person\",\"Organization\"],\"@id\":\"https:\/\/www.dimali.at\/#\/schema\/person\/38cc8838c46d85484de5ef62a654f9da\",\"name\":\"admin\",\"logo\":{\"@id\":\"https:\/\/www.dimali.at\/#\/schema\/person\/image\/\"}}]}<\/script>\n<!-- \/ Yoast SEO plugin. -->","yoast_head_json":{"title":"Links - Marion Dimali","robots":{"index":"index","follow":"follow","max-snippet":"max-snippet:-1","max-image-preview":"max-image-preview:large","max-video-preview":"max-video-preview:-1"},"canonical":"https:\/\/www.dimali.at\/?page_id=292","og_locale":"de_DE","og_type":"article","og_title":"Links - Marion Dimali","og_description":"Marion auf IMDd: Freunde und Kollegen: Mentalpowerartists &#8211; Hypnose, R\u00fcckf\u00fchrung und Mentaltraining\u00a0 Christoph F\u00e4lbl &#8211; Schauspieler und Kabarettist Otto Jankovich &#8211; Schauspieler, Regisseur, Autor, Komponist, Game Designer Nadja Maleh &#8211; Kabarettistin und Schauspielerin Barbara Pichlbauer &#8211; Operns\u00e4ngerin \u00d6KA &#8211; \u00d6sterreichisches &hellip; Weiterlesen &rarr;","og_url":"https:\/\/www.dimali.at\/?page_id=292","og_site_name":"Marion Dimali","article_modified_time":"2023-05-30T22:04:47+00:00","og_image":[{"url":"https:\/\/www.dimali.at\/wp-content\/uploads\/2020\/02\/iconfinder_171_Imdb_logo_logos_4373222-150x150.png"}],"twitter_card":"summary_large_image","twitter_misc":{"Gesch\u00e4tzte Lesezeit":"1\u00a0Minute"},"schema":{"@context":"https:\/\/schema.org","@graph":[{"@type":"WebPage","@id":"https:\/\/www.dimali.at\/?page_id=292","url":"https:\/\/www.dimali.at\/?page_id=292","name":"Links - Marion Dimali","isPartOf":{"@id":"https:\/\/www.dimali.at\/#website"},"primaryImageOfPage":{"@id":"https:\/\/www.dimali.at\/?page_id=292#primaryimage"},"image":{"@id":"https:\/\/www.dimali.at\/?page_id=292#primaryimage"},"thumbnailUrl":"https:\/\/www.dimali.at\/wp-content\/uploads\/2020\/02\/iconfinder_171_Imdb_logo_logos_4373222-150x150.png","datePublished":"2011-02-23T14:02:16+00:00","dateModified":"2023-05-30T22:04:47+00:00","breadcrumb":{"@id":"https:\/\/www.dimali.at\/?page_id=292#breadcrumb"},"inLanguage":"de","potentialAction":[{"@type":"ReadAction","target":["https:\/\/www.dimali.at\/?page_id=292"]}]},{"@type":"ImageObject","inLanguage":"de","@id":"https:\/\/www.dimali.at\/?page_id=292#primaryimage","url":"https:\/\/www.dimali.at\/wp-content\/uploads\/2020\/02\/iconfinder_171_Imdb_logo_logos_4373222.png","contentUrl":"https:\/\/www.dimali.at\/wp-content\/uploads\/2020\/02\/iconfinder_171_Imdb_logo_logos_4373222.png","width":512,"height":512},{"@type":"BreadcrumbList","@id":"https:\/\/www.dimali.at\/?page_id=292#breadcrumb","itemListElement":[{"@type":"ListItem","position":1,"name":"Startseite","item":"https:\/\/www.dimali.at\/"},{"@type":"ListItem","position":2,"name":"Links"}]},{"@type":"WebSite","@id":"https:\/\/www.dimali.at\/#website","url":"https:\/\/www.dimali.at\/","name":"Marion Dimali","description":"Schauspielerin, Regisseurin, S\u00e4ngerin, Autorin, Moderatorin und Coach","publisher":{"@id":"https:\/\/www.dimali.at\/#\/schema\/person\/38cc8838c46d85484de5ef62a654f9da"},"potentialAction":[{"@type":"SearchAction","target":{"@type":"EntryPoint","urlTemplate":"https:\/\/www.dimali.at\/?s={search_term_string}"},"query-input":{"@type":"PropertyValueSpecification","valueRequired":true,"valueName":"search_term_string"}}],"inLanguage":"de"},{"@type":["Person","Organization"],"@id":"https:\/\/www.dimali.at\/#\/schema\/person\/38cc8838c46d85484de5ef62a654f9da","name":"admin","logo":{"@id":"https:\/\/www.dimali.at\/#\/schema\/person\/image\/"}}]}},"_links":{"self":[{"href":"https:\/\/www.dimali.at\/index.php?rest_route=\/wp\/v2\/pages\/292"}],"collection":[{"href":"https:\/\/www.dimali.at\/index.php?rest_route=\/wp\/v2\/pages"}],"about":[{"href":"https:\/\/www.dimali.at\/index.php?rest_route=\/wp\/v2\/types\/page"}],"author":[{"embeddable":true,"href":"https:\/\/www.dimali.at\/index.php?rest_route=\/wp\/v2\/users\/1"}],"replies":[{"embeddable":true,"href":"https:\/\/www.dimali.at\/index.php?rest_route=%2Fwp%2Fv2%2Fcomments&post=292"}],"version-history":[{"count":76,"href":"https:\/\/www.dimali.at\/index.php?rest_route=\/wp\/v2\/pages\/292\/revisions"}],"predecessor-version":[{"id":1663,"href":"https:\/\/www.dimali.at\/index.php?rest_route=\/wp\/v2\/pages\/292\/revisions\/1663"}],"wp:attachment":[{"href":"https:\/\/www.dimali.at\/index.php?rest_route=%2Fwp%2Fv2%2Fmedia&parent=292"}],"curies":[{"name":"wp","href":"https:\/\/api.w.org\/{rel}","templated":true}]}}