{"id":55,"date":"2011-02-14T23:43:30","date_gmt":"2011-02-14T23:43:30","guid":{"rendered":"http:\/\/www.dimali.at\/wordpress\/?page_id=55"},"modified":"2022-09-17T23:02:20","modified_gmt":"2022-09-17T23:02:20","slug":"coaching","status":"publish","type":"page","link":"https:\/\/www.dimali.at\/?page_id=55","title":{"rendered":"Hinter der B\u00fchne"},"content":{"rendered":"\n<h2>\n\t\tZusammenarbeit\n\t<\/h2>\n\t<h3><strong>Als Coach:<\/strong><\/h3>\n<p>Monika Ballwein (S\u00e4ngerin), Andy Hallwaxx (Schauspieler und Regisseur), Theresia Haiger (Schauspielerin, Kabarettistin und S\u00e4ngerin), Sigrid Hauser (Schauspielerin, Kabarettistin und S\u00e4ngerin), Miriam Hie (Moderatorin und Kabarettistin), Aida Loos (Kabarettistin), Nadja Maleh (Kabarettistin und Schauspielerin), Missy May (S\u00e4ngerin), Oliver M\u00fclich (Musicals\u00e4nger\/-darsteller), Reinhold G. Moritz (Schauspieler), Hans Neblung (Musicals\u00e4nger\/-darsteller), Erika Ratcliff (Comedienne), Verena Scheitz (Moderatorin und Kabarettistin), Brigitte Soucek (Schauspielerin und S\u00e4ngerin), Johanna Tschautscher (Dokumentarfilmerin und Autorin), Susanna von der Burg (Operns\u00e4ngerin)<\/p>\n<h3><strong>Als Regisseurin:<\/strong><\/h3>\n<p>Caroline Athanasiadis, Christoph F\u00e4lbl, Daniela Gaets, Sigrid Hauser, Peter Josch, Lilian Klebow, Daniela Kong, Nadja Maleh, Missy May, Steffi Paschke, Heilwig Pfanzelter, Barbara Pichlbauer, Susanne P\u00f6chacker, Linde Prelog, Verena Scheitz, Patricia Simpson, Andreas Steppan, Gerhard Walter, Adriana Zartl<\/p>\n<h3><strong>Als Schauspielerin:<\/strong><\/h3>\n<p>Pia Douwes, Carin Filipcic, Martin Flossmann, Daniela Gaets, Viktor Gernot, Christoph Grissemann, Sigrid Hauser, Rupert Henning, Daniela Kong, Christoph K\u00fcnzler, Edith Leyrer, Michael Niavarani, Linde Prelog, Barbara Raunegger, Johannes Silberschneider, Andreas Steppan, Daniel Prohaska, Michael Weger<\/p>\n<h3><strong>Als Darstellerin mit folgenden<br \/>\nRegisseurInnen:<\/strong><\/h3>\n<p>Houchang Allahyari, Michael Gampe, Rupert Henning, Oliver Hirschbiegel, Niki List, Josef E. K\u00f6pplinger, Ricarda Ludigkeit, Bruno Max, Michael Mohapp, Nadja Seeliger, Antonin Swoboda, G\u00fcnther Treptow, Michael Niavarani<\/p>\n\t\t\t\t<img loading=\"lazy\" decoding=\"async\" src=\"https:\/\/www.dimali.at\/wp-content\/uploads\/2022\/09\/IMG_4656.jpg\" alt=\"IMG_4656\" itemprop=\"image\" height=\"842\" width=\"635\" title=\"IMG_4656\" onerror=\"this.style.display='none'\"  \/>\n\t\t\t\t<img loading=\"lazy\" decoding=\"async\" src=\"https:\/\/www.dimali.at\/wp-content\/uploads\/2022\/09\/b15b7d18-6f87-4940-87f3-9ac105c740ac.jpg\" alt=\"b15b7d18-6f87-4940-87f3-9ac105c740ac\" itemprop=\"image\" height=\"768\" width=\"1024\" title=\"b15b7d18-6f87-4940-87f3-9ac105c740ac\" onerror=\"this.style.display='none'\"  \/>\n\t\t\t\t<img loading=\"lazy\" decoding=\"async\" src=\"https:\/\/www.dimali.at\/wp-content\/uploads\/2022\/09\/IMG_1731-scaled.jpeg\" alt=\"IMG_1731\" itemprop=\"image\" height=\"2560\" width=\"1920\" title=\"IMG_1731\" onerror=\"this.style.display='none'\"  \/>\n\t\t\t\t<img loading=\"lazy\" decoding=\"async\" src=\"https:\/\/www.dimali.at\/wp-content\/uploads\/2022\/09\/IMG_4833-scaled.jpeg\" alt=\"IMG_4833\" itemprop=\"image\" height=\"2560\" width=\"1920\" title=\"IMG_4833\" onerror=\"this.style.display='none'\"  \/>\n\t\t\t\t<img loading=\"lazy\" decoding=\"async\" src=\"https:\/\/www.dimali.at\/wp-content\/uploads\/2011\/02\/sie-werden-dran-glauben-m\u00fcssen.jpg\" alt=\"sie werden dran glauben m\u00fcssen\" itemprop=\"image\" height=\"407\" width=\"468\" title=\"sie werden dran glauben m\u00fcssen\" onerror=\"this.style.display='none'\"  \/>\n\t\t\t\t<img loading=\"lazy\" decoding=\"async\" src=\"https:\/\/www.dimali.at\/wp-content\/uploads\/2022\/09\/79EBFAF2-AC6C-4138-A4C1-A03E40DBF4D0.jpg\" alt=\"79EBFAF2-AC6C-4138-A4C1-A03E40DBF4D0\" itemprop=\"image\" height=\"1436\" width=\"1440\" title=\"79EBFAF2-AC6C-4138-A4C1-A03E40DBF4D0\" onerror=\"this.style.display='none'\"  \/>\n\t\t\t\t<img loading=\"lazy\" decoding=\"async\" src=\"https:\/\/www.dimali.at\/wp-content\/uploads\/2022\/09\/IMG_4457.jpg\" alt=\"IMG_4457\" itemprop=\"image\" height=\"1131\" width=\"848\" title=\"IMG_4457\" onerror=\"this.style.display='none'\"  \/>\n\t\t\t\t<img decoding=\"async\" src=\"https:\/\/www.dimali.at\/wp-content\/uploads\/2011\/02\/Scan0006.jpg\" alt=\"Scan0006\" itemprop=\"image\" title=\"Scan0006\" onerror=\"this.style.display='none'\"  \/>\n\n<iframe src=\"http:\/\/www.facebook.com\/plugins\/like.php?href=https%3A%2F%2Fwww.dimali.at%2F%3Fpage_id%3D55&amp;layout=standard&amp;show_faces=true&amp;width=450&amp;action=like&amp;colorscheme=light&amp;height=80\" scrolling=\"no\" frameborder=\"0\" style=\"border:none; overflow:hidden; width:450px; height:80px;\" allowTransparency=\"true\"><\/iframe>","protected":false},"excerpt":{"rendered":"<p>Zusammenarbeit Als Coach: Monika Ballwein (S\u00e4ngerin), Andy Hallwaxx (Schauspieler und Regisseur), Theresia Haiger (Schauspielerin, Kabarettistin und S\u00e4ngerin), Sigrid Hauser (Schauspielerin, Kabarettistin und S\u00e4ngerin), Miriam Hie (Moderatorin und Kabarettistin), Aida Loos (Kabarettistin), Nadja Maleh (Kabarettistin und Schauspielerin), Missy May (S\u00e4ngerin), Oliver &hellip; <a href=\"https:\/\/www.dimali.at\/?page_id=55\">Weiterlesen <span class=\"meta-nav\">&rarr;<\/span><\/a><\/p>\n","protected":false},"author":1,"featured_media":0,"parent":379,"menu_order":7,"comment_status":"closed","ping_status":"closed","template":"","meta":{"ngg_post_thumbnail":0,"footnotes":""},"yoast_head":"<!-- This site is optimized with the Yoast SEO plugin v23.5 - https:\/\/yoast.com\/wordpress\/plugins\/seo\/ -->\n<title>Hinter der B\u00fchne - Marion Dimali<\/title>\n<meta name=\"robots\" content=\"index, follow, max-snippet:-1, max-image-preview:large, max-video-preview:-1\" \/>\n<link rel=\"canonical\" href=\"https:\/\/www.dimali.at\/?page_id=55\" \/>\n<meta property=\"og:locale\" content=\"de_DE\" \/>\n<meta property=\"og:type\" content=\"article\" \/>\n<meta property=\"og:title\" content=\"Hinter der B\u00fchne - Marion Dimali\" \/>\n<meta property=\"og:description\" content=\"Zusammenarbeit Als Coach: Monika Ballwein (S\u00e4ngerin), Andy Hallwaxx (Schauspieler und Regisseur), Theresia Haiger (Schauspielerin, Kabarettistin und S\u00e4ngerin), Sigrid Hauser (Schauspielerin, Kabarettistin und S\u00e4ngerin), Miriam Hie (Moderatorin und Kabarettistin), Aida Loos (Kabarettistin), Nadja Maleh (Kabarettistin und Schauspielerin), Missy May (S\u00e4ngerin), Oliver &hellip; Weiterlesen &rarr;\" \/>\n<meta property=\"og:url\" content=\"https:\/\/www.dimali.at\/?page_id=55\" \/>\n<meta property=\"og:site_name\" content=\"Marion Dimali\" \/>\n<meta property=\"article:modified_time\" content=\"2022-09-17T23:02:20+00:00\" \/>\n<meta property=\"og:image\" content=\"https:\/\/www.dimali.at\/wp-content\/uploads\/2022\/09\/IMG_4656.jpg\" \/>\n<meta name=\"twitter:card\" content=\"summary_large_image\" \/>\n<meta name=\"twitter:label1\" content=\"Gesch\u00e4tzte Lesezeit\" \/>\n\t<meta name=\"twitter:data1\" content=\"1\u00a0Minute\" \/>\n<script type=\"application\/ld+json\" class=\"yoast-schema-graph\">{\"@context\":\"https:\/\/schema.org\",\"@graph\":[{\"@type\":\"WebPage\",\"@id\":\"https:\/\/www.dimali.at\/?page_id=55\",\"url\":\"https:\/\/www.dimali.at\/?page_id=55\",\"name\":\"Hinter der B\u00fchne - Marion Dimali\",\"isPartOf\":{\"@id\":\"https:\/\/www.dimali.at\/#website\"},\"primaryImageOfPage\":{\"@id\":\"https:\/\/www.dimali.at\/?page_id=55#primaryimage\"},\"image\":{\"@id\":\"https:\/\/www.dimali.at\/?page_id=55#primaryimage\"},\"thumbnailUrl\":\"https:\/\/www.dimali.at\/wp-content\/uploads\/2022\/09\/IMG_4656.jpg\",\"datePublished\":\"2011-02-14T23:43:30+00:00\",\"dateModified\":\"2022-09-17T23:02:20+00:00\",\"breadcrumb\":{\"@id\":\"https:\/\/www.dimali.at\/?page_id=55#breadcrumb\"},\"inLanguage\":\"de\",\"potentialAction\":[{\"@type\":\"ReadAction\",\"target\":[\"https:\/\/www.dimali.at\/?page_id=55\"]}]},{\"@type\":\"ImageObject\",\"inLanguage\":\"de\",\"@id\":\"https:\/\/www.dimali.at\/?page_id=55#primaryimage\",\"url\":\"https:\/\/www.dimali.at\/wp-content\/uploads\/2022\/09\/IMG_4656.jpg\",\"contentUrl\":\"https:\/\/www.dimali.at\/wp-content\/uploads\/2022\/09\/IMG_4656.jpg\",\"width\":635,\"height\":842},{\"@type\":\"BreadcrumbList\",\"@id\":\"https:\/\/www.dimali.at\/?page_id=55#breadcrumb\",\"itemListElement\":[{\"@type\":\"ListItem\",\"position\":1,\"name\":\"Startseite\",\"item\":\"https:\/\/www.dimali.at\/\"},{\"@type\":\"ListItem\",\"position\":2,\"name\":\"Marion\",\"item\":\"https:\/\/www.dimali.at\/?page_id=379\"},{\"@type\":\"ListItem\",\"position\":3,\"name\":\"Hinter der B\u00fchne\"}]},{\"@type\":\"WebSite\",\"@id\":\"https:\/\/www.dimali.at\/#website\",\"url\":\"https:\/\/www.dimali.at\/\",\"name\":\"Marion Dimali\",\"description\":\"Schauspielerin, Regisseurin, S\u00e4ngerin, Autorin, Moderatorin und Coach\",\"publisher\":{\"@id\":\"https:\/\/www.dimali.at\/#\/schema\/person\/38cc8838c46d85484de5ef62a654f9da\"},\"potentialAction\":[{\"@type\":\"SearchAction\",\"target\":{\"@type\":\"EntryPoint\",\"urlTemplate\":\"https:\/\/www.dimali.at\/?s={search_term_string}\"},\"query-input\":{\"@type\":\"PropertyValueSpecification\",\"valueRequired\":true,\"valueName\":\"search_term_string\"}}],\"inLanguage\":\"de\"},{\"@type\":[\"Person\",\"Organization\"],\"@id\":\"https:\/\/www.dimali.at\/#\/schema\/person\/38cc8838c46d85484de5ef62a654f9da\",\"name\":\"admin\",\"logo\":{\"@id\":\"https:\/\/www.dimali.at\/#\/schema\/person\/image\/\"}}]}<\/script>\n<!-- \/ Yoast SEO plugin. -->","yoast_head_json":{"title":"Hinter der B\u00fchne - Marion Dimali","robots":{"index":"index","follow":"follow","max-snippet":"max-snippet:-1","max-image-preview":"max-image-preview:large","max-video-preview":"max-video-preview:-1"},"canonical":"https:\/\/www.dimali.at\/?page_id=55","og_locale":"de_DE","og_type":"article","og_title":"Hinter der B\u00fchne - Marion Dimali","og_description":"Zusammenarbeit Als Coach: Monika Ballwein (S\u00e4ngerin), Andy Hallwaxx (Schauspieler und Regisseur), Theresia Haiger (Schauspielerin, Kabarettistin und S\u00e4ngerin), Sigrid Hauser (Schauspielerin, Kabarettistin und S\u00e4ngerin), Miriam Hie (Moderatorin und Kabarettistin), Aida Loos (Kabarettistin), Nadja Maleh (Kabarettistin und Schauspielerin), Missy May (S\u00e4ngerin), Oliver &hellip; Weiterlesen &rarr;","og_url":"https:\/\/www.dimali.at\/?page_id=55","og_site_name":"Marion Dimali","article_modified_time":"2022-09-17T23:02:20+00:00","og_image":[{"url":"https:\/\/www.dimali.at\/wp-content\/uploads\/2022\/09\/IMG_4656.jpg"}],"twitter_card":"summary_large_image","twitter_misc":{"Gesch\u00e4tzte Lesezeit":"1\u00a0Minute"},"schema":{"@context":"https:\/\/schema.org","@graph":[{"@type":"WebPage","@id":"https:\/\/www.dimali.at\/?page_id=55","url":"https:\/\/www.dimali.at\/?page_id=55","name":"Hinter der B\u00fchne - Marion Dimali","isPartOf":{"@id":"https:\/\/www.dimali.at\/#website"},"primaryImageOfPage":{"@id":"https:\/\/www.dimali.at\/?page_id=55#primaryimage"},"image":{"@id":"https:\/\/www.dimali.at\/?page_id=55#primaryimage"},"thumbnailUrl":"https:\/\/www.dimali.at\/wp-content\/uploads\/2022\/09\/IMG_4656.jpg","datePublished":"2011-02-14T23:43:30+00:00","dateModified":"2022-09-17T23:02:20+00:00","breadcrumb":{"@id":"https:\/\/www.dimali.at\/?page_id=55#breadcrumb"},"inLanguage":"de","potentialAction":[{"@type":"ReadAction","target":["https:\/\/www.dimali.at\/?page_id=55"]}]},{"@type":"ImageObject","inLanguage":"de","@id":"https:\/\/www.dimali.at\/?page_id=55#primaryimage","url":"https:\/\/www.dimali.at\/wp-content\/uploads\/2022\/09\/IMG_4656.jpg","contentUrl":"https:\/\/www.dimali.at\/wp-content\/uploads\/2022\/09\/IMG_4656.jpg","width":635,"height":842},{"@type":"BreadcrumbList","@id":"https:\/\/www.dimali.at\/?page_id=55#breadcrumb","itemListElement":[{"@type":"ListItem","position":1,"name":"Startseite","item":"https:\/\/www.dimali.at\/"},{"@type":"ListItem","position":2,"name":"Marion","item":"https:\/\/www.dimali.at\/?page_id=379"},{"@type":"ListItem","position":3,"name":"Hinter der B\u00fchne"}]},{"@type":"WebSite","@id":"https:\/\/www.dimali.at\/#website","url":"https:\/\/www.dimali.at\/","name":"Marion Dimali","description":"Schauspielerin, Regisseurin, S\u00e4ngerin, Autorin, Moderatorin und Coach","publisher":{"@id":"https:\/\/www.dimali.at\/#\/schema\/person\/38cc8838c46d85484de5ef62a654f9da"},"potentialAction":[{"@type":"SearchAction","target":{"@type":"EntryPoint","urlTemplate":"https:\/\/www.dimali.at\/?s={search_term_string}"},"query-input":{"@type":"PropertyValueSpecification","valueRequired":true,"valueName":"search_term_string"}}],"inLanguage":"de"},{"@type":["Person","Organization"],"@id":"https:\/\/www.dimali.at\/#\/schema\/person\/38cc8838c46d85484de5ef62a654f9da","name":"admin","logo":{"@id":"https:\/\/www.dimali.at\/#\/schema\/person\/image\/"}}]}},"_links":{"self":[{"href":"https:\/\/www.dimali.at\/index.php?rest_route=\/wp\/v2\/pages\/55"}],"collection":[{"href":"https:\/\/www.dimali.at\/index.php?rest_route=\/wp\/v2\/pages"}],"about":[{"href":"https:\/\/www.dimali.at\/index.php?rest_route=\/wp\/v2\/types\/page"}],"author":[{"embeddable":true,"href":"https:\/\/www.dimali.at\/index.php?rest_route=\/wp\/v2\/users\/1"}],"replies":[{"embeddable":true,"href":"https:\/\/www.dimali.at\/index.php?rest_route=%2Fwp%2Fv2%2Fcomments&post=55"}],"version-history":[{"count":95,"href":"https:\/\/www.dimali.at\/index.php?rest_route=\/wp\/v2\/pages\/55\/revisions"}],"predecessor-version":[{"id":1630,"href":"https:\/\/www.dimali.at\/index.php?rest_route=\/wp\/v2\/pages\/55\/revisions\/1630"}],"up":[{"embeddable":true,"href":"https:\/\/www.dimali.at\/index.php?rest_route=\/wp\/v2\/pages\/379"}],"wp:attachment":[{"href":"https:\/\/www.dimali.at\/index.php?rest_route=%2Fwp%2Fv2%2Fmedia&parent=55"}],"curies":[{"name":"wp","href":"https:\/\/api.w.org\/{rel}","templated":true}]}}