{"id":7,"date":"2010-12-01T14:57:06","date_gmt":"2010-12-01T14:57:06","guid":{"rendered":"http:\/\/www.dimali.at\/?page_id=7"},"modified":"2022-10-17T19:33:23","modified_gmt":"2022-10-17T19:33:23","slug":"darstellerin","status":"publish","type":"page","link":"https:\/\/www.dimali.at\/?page_id=7","title":{"rendered":"Auf der B\u00fchne (Darstellerin)"},"content":{"rendered":"\n\n\t\t\t\t<img loading=\"lazy\" decoding=\"async\" src=\"https:\/\/www.dimali.at\/wp-content\/uploads\/2010\/12\/Scan0021.jpg\" alt=\"Scan0021\" itemprop=\"image\" height=\"641\" width=\"979\" title=\"Scan0021\" onerror=\"this.style.display='none'\"  \/>\n<h2>\n\t\tTheater\n\t<\/h2>\n\t<ul>\n<li><strong>Es war die Lerche &#8211;\u00a0<\/strong><b>\u201e<\/b>Julia&#8220;<\/li>\n<li><strong>Die Dachlawine &#8211;\u00a0<\/strong><b>\u201e<\/b>Pauline&#8220;<\/li>\n<li><strong>Die Aufgabe &#8211; &#8222;<\/strong>Frl. Winter&#8220;<\/li>\n<li><strong>Die Mozartshow &#8211;\u00a0<\/strong><b>\u201e<\/b>Tosca&#8220;,\u00a0\u201eKomte\u00dfchen&#8220;<\/li>\n<li><strong>On The Soap &#8211; <\/strong>Soapoperaparodie in 6 Folgen (Theater Drachengasse)<\/li>\n<li><strong>Manche m\u00f6gen\u00b4s wei\u00df &#8211;<\/strong> Soloprogramm (Theater Drachengasse)<\/li>\n<li><strong>Der wilde Western <\/strong>&#8211; Westernparodie (Theater Ex-Akt)<\/li>\n<li><strong>Irrwald &#8211; <\/strong>Ein St\u00fcck aus Rum\u00e4nien (DieTheater K\u00fcnstlerhaus)<\/li>\n<\/ul>\n<p>\u00a0<\/p>\n<h2>\n\t\tKabarett\n\t<\/h2>\n\t<ul>\n<li><strong>Wien von unten <\/strong>(Graumann Theater)<br \/>\n<\/li>\n<li><strong>Wien wie nie <\/strong>(Graumann Theater)<br \/>\n<\/li>\n<li><strong>Wien wird wieder <\/strong>(Graumann Theater)<br \/>\n<\/li>\n<li><strong>Nightmare &#8211; <\/strong>W\u00f6chentliche Kabarettrevue (Graumann Theater)<br \/>\n<strong>Mizzilieder <\/strong>&#8211; Musikalisches Kabarett (neuebuehnevillach)<\/li>\n<\/ul>\n<p>&nbsp;<\/p>\n\t\t\t\t<img decoding=\"async\" src=\"https:\/\/www.dimali.at\/wp-content\/uploads\/2010\/11\/Scan0002.jpg\" alt=\"Scan0002\" itemprop=\"image\" title=\"Scan0002\" onerror=\"this.style.display='none'\"  \/>\n<h2>\n\t\tMusical \/\/ Operette\n\t<\/h2>\n\t<ul>\n<li><strong>Der Bursel <\/strong>&#8211; \u201eRadenka&#8220;, \u201eMutter&#8220; (Prod.&#8220;Broadway Unlimited&#8220;)<\/li>\n<li><strong>Little Shop Of Horrors &#8211;<\/strong>\u00a0\u201eRonette&#8220; (Deutschsprachige Urauff\u00fchrung \/\u00a0Theater zum F\u00fcrchten)<\/li>\n<li><strong>Toll trieben es die alten R\u00f6mer &#8211;<\/strong>\u00a0\u201eTintinabula&#8220; (Kabarett Simpl)<\/li>\n<li><strong>Cinderella <\/strong>&#8211; \u201eTaube&#8220;(Musicalfestival Bruck\/Leitha, Akzenttheater Wien)<\/li>\n<li><strong>Die lustige Witwe <\/strong>&#8211; Operette (Stadttheater Klagenfurt)<\/li>\n<\/ul>\n<p>&nbsp;<\/p>\n<h2>\n\t\tTV \/\/ Film \/\/ Medien\n\t<\/h2>\n\t<ul>\n<li><strong>Toll trieben es die alten R\u00f6mer<\/strong> &#8211; &#8222;Tintinabula&#8220; (ORF)<\/li>\n<li><strong>Simplrevue<\/strong> Silvester 1996 &#8211; div. Figuren (ORF)<\/li>\n<li><strong>Simplrevue<\/strong> Ostern 1997 &#8211; div. Figuren (ORF)<\/li>\n<li><strong>Manche m\u00f6gen\u00b4s wei\u00df<\/strong> &#8211; (Auszugsweise an mehreren Sendepl\u00e4tzen\/ORF, Gesamt auf \u00d61)<\/li>\n<li><strong>Rex &#8211; die fr\u00fchen Jahre<\/strong> &#8211; \u201eApothekerin&#8220; (ORF)<\/li>\n<li><strong>Geboren in Absurdistan<\/strong> &#8211; \u201eReporterin&#8220; (Kino)<\/li>\n<li><strong>Wenn die Liebe fl\u00f6ten geht<\/strong> &#8211; \u201eMarion&#8220; (Kino)<\/li>\n<li><strong>Immer nie am Meer<\/strong> &#8211; \u201eApothekerin&#8220; (Kino)<\/li>\n<li><strong>Senioren Caf\u00e9\u00a0<\/strong>als &#8222;Chefin Mali&#8220; (W24)<\/li>\n<\/ul>\n\t\t\t\t<img decoding=\"async\" src=\"https:\/\/www.dimali.at\/wp-content\/plugins\/beaver-builder-lite-version\/img\/pixel.png\" alt=\"\" itemprop=\"image\" onerror=\"this.style.display='none'\"  \/>\n\n<iframe src=\"http:\/\/www.facebook.com\/plugins\/like.php?href=https%3A%2F%2Fwww.dimali.at%2F%3Fpage_id%3D7&amp;layout=standard&amp;show_faces=true&amp;width=450&amp;action=like&amp;colorscheme=light&amp;height=80\" scrolling=\"no\" frameborder=\"0\" style=\"border:none; overflow:hidden; width:450px; height:80px;\" allowTransparency=\"true\"><\/iframe>","protected":false},"excerpt":{"rendered":"<p>Theater Es war die Lerche &#8211;\u00a0\u201eJulia&#8220; Die Dachlawine &#8211;\u00a0\u201ePauline&#8220; Die Aufgabe &#8211; &#8222;Frl. Winter&#8220; Die Mozartshow &#8211;\u00a0\u201eTosca&#8220;,\u00a0\u201eKomte\u00dfchen&#8220; On The Soap &#8211; Soapoperaparodie in 6 Folgen (Theater Drachengasse) Manche m\u00f6gen\u00b4s wei\u00df &#8211; Soloprogramm (Theater Drachengasse) Der wilde Western &#8211; Westernparodie (Theater &hellip; <a href=\"https:\/\/www.dimali.at\/?page_id=7\">Weiterlesen <span class=\"meta-nav\">&rarr;<\/span><\/a><\/p>\n","protected":false},"author":1,"featured_media":0,"parent":379,"menu_order":2,"comment_status":"closed","ping_status":"closed","template":"","meta":{"ngg_post_thumbnail":0,"footnotes":""},"yoast_head":"<!-- This site is optimized with the Yoast SEO plugin v23.5 - https:\/\/yoast.com\/wordpress\/plugins\/seo\/ -->\n<title>Auf der B\u00fchne (Darstellerin) - Marion Dimali<\/title>\n<meta name=\"robots\" content=\"index, follow, max-snippet:-1, max-image-preview:large, max-video-preview:-1\" \/>\n<link rel=\"canonical\" href=\"https:\/\/www.dimali.at\/?page_id=7\" \/>\n<meta property=\"og:locale\" content=\"de_DE\" \/>\n<meta property=\"og:type\" content=\"article\" \/>\n<meta property=\"og:title\" content=\"Auf der B\u00fchne (Darstellerin) - Marion Dimali\" \/>\n<meta property=\"og:description\" content=\"Theater Es war die Lerche &#8211;\u00a0\u201eJulia&#8220; Die Dachlawine &#8211;\u00a0\u201ePauline&#8220; Die Aufgabe &#8211; &#8222;Frl. Winter&#8220; Die Mozartshow &#8211;\u00a0\u201eTosca&#8220;,\u00a0\u201eKomte\u00dfchen&#8220; On The Soap &#8211; Soapoperaparodie in 6 Folgen (Theater Drachengasse) Manche m\u00f6gen\u00b4s wei\u00df &#8211; Soloprogramm (Theater Drachengasse) Der wilde Western &#8211; Westernparodie (Theater &hellip; Weiterlesen &rarr;\" \/>\n<meta property=\"og:url\" content=\"https:\/\/www.dimali.at\/?page_id=7\" \/>\n<meta property=\"og:site_name\" content=\"Marion Dimali\" \/>\n<meta property=\"article:modified_time\" content=\"2022-10-17T19:33:23+00:00\" \/>\n<meta property=\"og:image\" content=\"https:\/\/www.dimali.at\/wp-content\/uploads\/2010\/12\/Scan0021.jpg\" \/>\n<meta name=\"twitter:card\" content=\"summary_large_image\" \/>\n<meta name=\"twitter:label1\" content=\"Gesch\u00e4tzte Lesezeit\" \/>\n\t<meta name=\"twitter:data1\" content=\"2\u00a0Minuten\" \/>\n<script type=\"application\/ld+json\" class=\"yoast-schema-graph\">{\"@context\":\"https:\/\/schema.org\",\"@graph\":[{\"@type\":\"WebPage\",\"@id\":\"https:\/\/www.dimali.at\/?page_id=7\",\"url\":\"https:\/\/www.dimali.at\/?page_id=7\",\"name\":\"Auf der B\u00fchne (Darstellerin) - Marion Dimali\",\"isPartOf\":{\"@id\":\"https:\/\/www.dimali.at\/#website\"},\"primaryImageOfPage\":{\"@id\":\"https:\/\/www.dimali.at\/?page_id=7#primaryimage\"},\"image\":{\"@id\":\"https:\/\/www.dimali.at\/?page_id=7#primaryimage\"},\"thumbnailUrl\":\"https:\/\/www.dimali.at\/wp-content\/uploads\/2010\/12\/Scan0021.jpg\",\"datePublished\":\"2010-12-01T14:57:06+00:00\",\"dateModified\":\"2022-10-17T19:33:23+00:00\",\"breadcrumb\":{\"@id\":\"https:\/\/www.dimali.at\/?page_id=7#breadcrumb\"},\"inLanguage\":\"de\",\"potentialAction\":[{\"@type\":\"ReadAction\",\"target\":[\"https:\/\/www.dimali.at\/?page_id=7\"]}]},{\"@type\":\"ImageObject\",\"inLanguage\":\"de\",\"@id\":\"https:\/\/www.dimali.at\/?page_id=7#primaryimage\",\"url\":\"https:\/\/www.dimali.at\/wp-content\/uploads\/2010\/12\/Scan0021.jpg\",\"contentUrl\":\"https:\/\/www.dimali.at\/wp-content\/uploads\/2010\/12\/Scan0021.jpg\",\"width\":\"979\",\"height\":\"641\"},{\"@type\":\"BreadcrumbList\",\"@id\":\"https:\/\/www.dimali.at\/?page_id=7#breadcrumb\",\"itemListElement\":[{\"@type\":\"ListItem\",\"position\":1,\"name\":\"Startseite\",\"item\":\"https:\/\/www.dimali.at\/\"},{\"@type\":\"ListItem\",\"position\":2,\"name\":\"Marion\",\"item\":\"https:\/\/www.dimali.at\/?page_id=379\"},{\"@type\":\"ListItem\",\"position\":3,\"name\":\"Auf der B\u00fchne (Darstellerin)\"}]},{\"@type\":\"WebSite\",\"@id\":\"https:\/\/www.dimali.at\/#website\",\"url\":\"https:\/\/www.dimali.at\/\",\"name\":\"Marion Dimali\",\"description\":\"Schauspielerin, Regisseurin, S\u00e4ngerin, Autorin, Moderatorin und Coach\",\"publisher\":{\"@id\":\"https:\/\/www.dimali.at\/#\/schema\/person\/38cc8838c46d85484de5ef62a654f9da\"},\"potentialAction\":[{\"@type\":\"SearchAction\",\"target\":{\"@type\":\"EntryPoint\",\"urlTemplate\":\"https:\/\/www.dimali.at\/?s={search_term_string}\"},\"query-input\":{\"@type\":\"PropertyValueSpecification\",\"valueRequired\":true,\"valueName\":\"search_term_string\"}}],\"inLanguage\":\"de\"},{\"@type\":[\"Person\",\"Organization\"],\"@id\":\"https:\/\/www.dimali.at\/#\/schema\/person\/38cc8838c46d85484de5ef62a654f9da\",\"name\":\"admin\",\"logo\":{\"@id\":\"https:\/\/www.dimali.at\/#\/schema\/person\/image\/\"}}]}<\/script>\n<!-- \/ Yoast SEO plugin. -->","yoast_head_json":{"title":"Auf der B\u00fchne (Darstellerin) - Marion Dimali","robots":{"index":"index","follow":"follow","max-snippet":"max-snippet:-1","max-image-preview":"max-image-preview:large","max-video-preview":"max-video-preview:-1"},"canonical":"https:\/\/www.dimali.at\/?page_id=7","og_locale":"de_DE","og_type":"article","og_title":"Auf der B\u00fchne (Darstellerin) - Marion Dimali","og_description":"Theater Es war die Lerche &#8211;\u00a0\u201eJulia&#8220; Die Dachlawine &#8211;\u00a0\u201ePauline&#8220; Die Aufgabe &#8211; &#8222;Frl. Winter&#8220; Die Mozartshow &#8211;\u00a0\u201eTosca&#8220;,\u00a0\u201eKomte\u00dfchen&#8220; On The Soap &#8211; Soapoperaparodie in 6 Folgen (Theater Drachengasse) Manche m\u00f6gen\u00b4s wei\u00df &#8211; Soloprogramm (Theater Drachengasse) Der wilde Western &#8211; Westernparodie (Theater &hellip; Weiterlesen &rarr;","og_url":"https:\/\/www.dimali.at\/?page_id=7","og_site_name":"Marion Dimali","article_modified_time":"2022-10-17T19:33:23+00:00","og_image":[{"url":"https:\/\/www.dimali.at\/wp-content\/uploads\/2010\/12\/Scan0021.jpg"}],"twitter_card":"summary_large_image","twitter_misc":{"Gesch\u00e4tzte Lesezeit":"2\u00a0Minuten"},"schema":{"@context":"https:\/\/schema.org","@graph":[{"@type":"WebPage","@id":"https:\/\/www.dimali.at\/?page_id=7","url":"https:\/\/www.dimali.at\/?page_id=7","name":"Auf der B\u00fchne (Darstellerin) - Marion Dimali","isPartOf":{"@id":"https:\/\/www.dimali.at\/#website"},"primaryImageOfPage":{"@id":"https:\/\/www.dimali.at\/?page_id=7#primaryimage"},"image":{"@id":"https:\/\/www.dimali.at\/?page_id=7#primaryimage"},"thumbnailUrl":"https:\/\/www.dimali.at\/wp-content\/uploads\/2010\/12\/Scan0021.jpg","datePublished":"2010-12-01T14:57:06+00:00","dateModified":"2022-10-17T19:33:23+00:00","breadcrumb":{"@id":"https:\/\/www.dimali.at\/?page_id=7#breadcrumb"},"inLanguage":"de","potentialAction":[{"@type":"ReadAction","target":["https:\/\/www.dimali.at\/?page_id=7"]}]},{"@type":"ImageObject","inLanguage":"de","@id":"https:\/\/www.dimali.at\/?page_id=7#primaryimage","url":"https:\/\/www.dimali.at\/wp-content\/uploads\/2010\/12\/Scan0021.jpg","contentUrl":"https:\/\/www.dimali.at\/wp-content\/uploads\/2010\/12\/Scan0021.jpg","width":"979","height":"641"},{"@type":"BreadcrumbList","@id":"https:\/\/www.dimali.at\/?page_id=7#breadcrumb","itemListElement":[{"@type":"ListItem","position":1,"name":"Startseite","item":"https:\/\/www.dimali.at\/"},{"@type":"ListItem","position":2,"name":"Marion","item":"https:\/\/www.dimali.at\/?page_id=379"},{"@type":"ListItem","position":3,"name":"Auf der B\u00fchne (Darstellerin)"}]},{"@type":"WebSite","@id":"https:\/\/www.dimali.at\/#website","url":"https:\/\/www.dimali.at\/","name":"Marion Dimali","description":"Schauspielerin, Regisseurin, S\u00e4ngerin, Autorin, Moderatorin und Coach","publisher":{"@id":"https:\/\/www.dimali.at\/#\/schema\/person\/38cc8838c46d85484de5ef62a654f9da"},"potentialAction":[{"@type":"SearchAction","target":{"@type":"EntryPoint","urlTemplate":"https:\/\/www.dimali.at\/?s={search_term_string}"},"query-input":{"@type":"PropertyValueSpecification","valueRequired":true,"valueName":"search_term_string"}}],"inLanguage":"de"},{"@type":["Person","Organization"],"@id":"https:\/\/www.dimali.at\/#\/schema\/person\/38cc8838c46d85484de5ef62a654f9da","name":"admin","logo":{"@id":"https:\/\/www.dimali.at\/#\/schema\/person\/image\/"}}]}},"_links":{"self":[{"href":"https:\/\/www.dimali.at\/index.php?rest_route=\/wp\/v2\/pages\/7"}],"collection":[{"href":"https:\/\/www.dimali.at\/index.php?rest_route=\/wp\/v2\/pages"}],"about":[{"href":"https:\/\/www.dimali.at\/index.php?rest_route=\/wp\/v2\/types\/page"}],"author":[{"embeddable":true,"href":"https:\/\/www.dimali.at\/index.php?rest_route=\/wp\/v2\/users\/1"}],"replies":[{"embeddable":true,"href":"https:\/\/www.dimali.at\/index.php?rest_route=%2Fwp%2Fv2%2Fcomments&post=7"}],"version-history":[{"count":46,"href":"https:\/\/www.dimali.at\/index.php?rest_route=\/wp\/v2\/pages\/7\/revisions"}],"predecessor-version":[{"id":1658,"href":"https:\/\/www.dimali.at\/index.php?rest_route=\/wp\/v2\/pages\/7\/revisions\/1658"}],"up":[{"embeddable":true,"href":"https:\/\/www.dimali.at\/index.php?rest_route=\/wp\/v2\/pages\/379"}],"wp:attachment":[{"href":"https:\/\/www.dimali.at\/index.php?rest_route=%2Fwp%2Fv2%2Fmedia&parent=7"}],"curies":[{"name":"wp","href":"https:\/\/api.w.org\/{rel}","templated":true}]}}