{"id":9,"date":"2010-12-01T14:57:27","date_gmt":"2010-12-01T14:57:27","guid":{"rendered":"http:\/\/www.dimali.at\/?page_id=9"},"modified":"2022-09-18T18:49:15","modified_gmt":"2022-09-18T18:49:15","slug":"regisseurin","status":"publish","type":"page","link":"https:\/\/www.dimali.at\/?page_id=9","title":{"rendered":"Vor der B\u00fchne (Regie)"},"content":{"rendered":"\n\n\t\t\t\t<img decoding=\"async\" src=\"https:\/\/www.dimali.at\/wp-content\/uploads\/2011\/02\/Scan0006.jpg\" alt=\"Scan0006\" itemprop=\"image\" title=\"Scan0006\" onerror=\"this.style.display='none'\"  \/>\n<h2>\n\t\tMusiktheater\n\t<\/h2>\n\t<ul>\n<li><strong>Die goldne Meisterin<\/strong> (Operette von E. Eysler) &#8211; Wiener Kammeroper<\/li>\n<li><strong>Il Barbiere di Siviglia<\/strong> (Oper von G. Rossini) Sch\u00f6nbrunner Schlo\u00dftheater<\/li>\n<li><strong>Polnische Hochzeit<\/strong> (deutschsprachige Erstauff\u00fchrung nach Aufhebung des 1938 vom Komponisten erlassenen Auff\u00fchrungsverbotes f\u00fcr den deutschsprachigen Raum\/\u00d6sterreichische Urauff\u00fchrung)\u00a0Wiener Operettensommer 2012<\/li>\n<li><strong>Heppi Peppi- Das Konzert<\/strong> (Konzertshow mit den Kern\u00f6lamazonen und Band) Orpheum Wien<\/li>\n<li><strong>Triumph of Love<\/strong>\u00a0(\u00f6sterreichischen Erstauff\u00fchrung des Musicals von Jeffrey Stock und Susan Birkenhead) &#8211; MUK Theater Wien<\/li>\n<li><strong>Das Telefon<\/strong> (Oper von G.C.Menotti) &#8211; Interkultheater<\/li>\n<li><strong>Glanz und Gloria<\/strong> (M.Dimali\/M.Gull\/Sigrid Hauser) &#8211; Metropol<\/li>\n<li><strong>Christmasshow<\/strong> (Musicalrevue von. R.Henning) &#8211; Casino Baden<\/li>\n<li><strong>Verliebt, Vertont, Verdaut<\/strong> (L.Prelog) Theater Drachengasse<\/li>\n<li><strong>Polnische Hochzeit<\/strong> (Operette von Joseph Beer) &#8211; Pr\u00e4exposition im J\u00fcdischen Museum und im Polnischen Institut Wien<\/li>\n<li><strong>Verena Scheitz und Band<\/strong> (Lichtregie- Silvestershow 2016\/17) Akzent Theater Wien<\/li>\n<li><strong>Musicalshow 1 und 2<\/strong> (Diverse Autoren) &#8211; Tanzforum Wien<\/li>\n<\/ul>\n\t\t\t\t<img loading=\"lazy\" decoding=\"async\" src=\"https:\/\/www.dimali.at\/wp-content\/uploads\/2010\/12\/regie.jpg\" alt=\"regie\" itemprop=\"image\" height=\"540\" width=\"720\" title=\"regie\" onerror=\"this.style.display='none'\"  \/>\n<h2>\n\t\tTV\n\t<\/h2>\n\t<ul>\n<li><strong>On The Soap &#8211; <\/strong>(Regie; 6 Folgen aufgezeichnet f. `Kunstst\u00fccke\u00b4\/ORF)<\/li>\n<li><strong>Es war die Lerche <\/strong>&#8211; (Regie; Aufzeichng. J\u00e4nner 2001\/RAI)<\/li>\n<\/ul>\n<h2>\n\t\tTheater\n\t<\/h2>\n\t<ul>\n<li><strong>Es war die Lerche<\/strong> (E. Kishon; Co-Regie: Michael Mohapp und Rupert Henning) &#8211; Graumann Theater<\/li>\n<li><strong>Vorsicht Trinkwasser <\/strong>(W. Allen; Co-Regie: Michael Mohapp) -Graumann Theater<\/li>\n<li><strong>Geben Sie Acht<\/strong> (P.Shaffer)<\/li>\n<li><strong>Picknick im Felde <\/strong>(F. Arabal; Co-Regie: Rupert Henning) -Graumann Theater<\/li>\n<li><strong>Monolog <\/strong>(S. de Beauvoir\u00a0) &#8211; Graumann Theater<\/li>\n<li><strong>Der Ansager einer Stripteasenummer gibt nicht auf <\/strong>(B. Kirchhof) &#8211; Theater Drachengasse<\/li>\n<li><strong>On The Soap <\/strong>(U. Br\u00e8e, R. Henning, R. Steinmetz) &#8211; monatliche Live-Sit-Soap-Opera, TheaterDrachengasse<\/li>\n<li><strong>Gatte gegrillt <\/strong>(D. Issit) &#8211; Theater Drachengasse<\/li>\n<li><strong>Sissy <\/strong>(E. Thurner, J. Pichler) &#8211; EX-AKT\/K\u00e4rnten<\/li>\n<li><strong>Kinders\u00e4gen <\/strong>(R. Steinmetz) -Theater Drachengasse<\/li>\n<li><strong>Drachensteigen<\/strong> (P. Kellner) &#8211; Theatro picollo<\/li>\n<li><strong>Lenny Johnson Intim <\/strong>(G. Egger) &#8211; Spektakel<\/li>\n<li><strong>Es war die Lerche <\/strong>(E.Kishon) &#8211; Theakos\/Bozen<\/li>\n<li><strong>Performing Penthesilea <\/strong>(L. Johnson) &#8211; Theater Drachengasse<\/li>\n<li><strong>Clubgefl\u00fcster <\/strong>(Dinner &amp; Crime) Cafe Residenz Sch\u00f6nbrunn<\/li>\n<li><strong>Weiberg\u00b4schichten<\/strong> (E.Thurner) neuebuehnevillach<\/li>\n<li><strong>Kurschatten <\/strong>(Dinner &amp; Crime) Cafe Residenz<\/li>\n<li><strong>Schnittmuster <\/strong>(Chr.Jonke) Arteciello<\/li>\n<li><strong>Ein gl\u00fccklicher Tag<\/strong> Kom\u00f6die von Andrzej Chichlowski (Kultursommer Schloss Wolkersdorf)<\/li>\n<\/ul>\n<h2>\n\t\tKabarett\n\t<\/h2>\n\t\t\t\t<img loading=\"lazy\" decoding=\"async\" src=\"https:\/\/www.dimali.at\/wp-content\/uploads\/2011\/02\/malif\u00e4lbl.jpg\" alt=\"Freunde und Kollegen\" itemprop=\"image\" height=\"479\" width=\"720\" title=\"Freunde und Kollegen\" onerror=\"this.style.display='none'\"  \/>\n\t<ul>\n<li>Nadja Maleh:\n<ul>\n<li>Flugangsthasen (Kabarett Niedermair)<\/li>\n<li>Radioaktiv (Kabarett Niedermair)<\/li>\n<li>Jackpot (Stadtsaal Wien)<\/li>\n<li>Placebo (Kulisse Wien)<\/li>\n<li>Best of (Kulisse Wien)<\/li>\n<li>Nadja Maleh in Concert (Orpheum)<\/li>\n<li>Hoppala\u00a0(Kulisse Wien)<\/li>\n<li>Bussi Bussi (CasaNova Wien)<\/li>\n<\/ul>\n<\/li>\n<li>Christoph F\u00e4lbl:\n<ul>\n<li>a life\u00a0(Orpheum)<\/li>\n<li>F\u00e4lbl- wer sonst? (Orpheum)<\/li>\n<li>Papa m.b.H (Orpheum)<\/li>\n<li>Viecherl und Co (Orpheum)<\/li>\n<li>Menocrisis, Midlifepause (Orpheum)<\/li>\n<li>F\u00e4lbl\u00b4s Melange (Casanova Wien)<\/li>\n<\/ul>\n<\/li>\n<li>Ludwig Wolfgang M\u00fcller.\n<ul>\n<li>Total Brachial (Kabarett Niedermeier)<\/li>\n<li>Der Paragrafenreiter (Lach und Schie\u00dfgesellschaft M\u00fcnchen \/ Kabarett Niedermair)<\/li>\n<li>DichterVerkehr (Orpheum)<\/li>\n<\/ul>\n<\/li>\n<li>Christian H\u00f6lbling:\n<ul>\n<li>Helfried, bitte melde Dich und Helfried, bitte melde Dich unplugged (Winterthur CasinoTheater\/CH)<\/li>\n<\/ul>\n<\/li>\n<li>Nadja Maleh \/ Micheal Schuller \/ Stefan Haider:\n<ul>\n<li>One Night Stand (Kulisse Wien)<\/li>\n<\/ul>\n<\/li>\n<li>Susanne P\u00f6chacker:\n<ul>\n<li>Sie werden dran glauben m\u00fcssen (Kulisse Wien)<\/li>\n<\/ul>\n<\/li>\n<li>Steffi Paschke \/ Verena Scheitz \/ Patricia Simpson:\n<ul>\n<li>Frauen aus dem Hinterhalt (Orpheum\u00a0Wien)<\/li>\n<\/ul>\n<\/li>\n<li>Adriana Zartl \/ Missy May:\n<ul>\n<li>Ein Schlagernachtstraum(a) (Musikkabarett \/\u00a0Buch: Elfi Gerdenits &#8211; Metropol Wien)<\/li>\n<\/ul>\n<\/li>\n<\/ul>\n\t<ul>\n<li>Daniela Gaets\/Marion Dimali:\n<ul>\n<li>Mizzilieder (neuebuehnevillach)<\/li>\n<\/ul>\n<\/li>\n<li>Andreas Ferner:\n<ul>\n<li>Superstar Directorscut (Theater am Alsergrund)<\/li>\n<li>Schule Oida (Kulisse Wien)<\/li>\n<li>Teamteaching (Orpheum)<\/li>\n<li>Bildungsferner (Orpheum)<\/li>\n<li>Noch BildungsFerner (Kulisse Wien)<\/li>\n<li>Chill amal, Fessor (Orpheum Wien)<\/li>\n<li>Stundenwiederholung (Radiokulturhaus)<\/li>\n<\/ul>\n<\/li>\n<li>Andy Woerz:\n<ul>\n<li>Raus mit der Sprache (Kulisse Wien)<\/li>\n<\/ul>\n<\/li>\n<li>Michael Schuller:\n<ul>\n<li>Schwarz mit Zucker (Kulisse Wien)<\/li>\n<\/ul>\n<\/li>\n<li>Uschi Nocchieri:\n<ul>\n<li>Vorsicht! Christkind! (Spektakel)<\/li>\n<\/ul>\n<\/li>\n<li>Charlotte Ludwig:\n<ul>\n<li>Char-la-la-lotte (Orpheum Wien)<\/li>\n<\/ul>\n<\/li>\n<li>Miriam Hie:\n<ul>\n<li>Who is Hie (Kulisse Wien)<\/li>\n<\/ul>\n<\/li>\n<li>Rosabell:\n<ul>\n<li>Wenn&#8217;s passt, dann passt\u00b4s (Kulisse Wien)<\/li>\n<\/ul>\n<\/li>\n<li>Daniela Gaets:\n<ul>\n<li>Steif im Bild (Internetkabarett)<\/li>\n<\/ul>\n<\/li>\n<li>K.Sator\/M.Dimali:\n<ul>\n<li>Lebenszeichen (Theater am Alsergrund)<\/li>\n<\/ul>\n<\/li>\n<li>Der Weg ist das Ziel (Interkultheater)<\/li>\n<li>H.Vavra \/ B. F\u00f6ger:\n<ul>\n<li>Laute(r) Stars (Kulisse Wien)<\/li>\n<\/ul>\n<\/li>\n<li>Der 12. Mann ist eine Frau (Fussballkabarett von Dirk B\u00f6hling &#8211; 3Raum Anatomietheater)<\/li>\n<li>Stefan Mikl:\n<ul>\n<li>Realit\u00e4tsverlust (Werkl)<\/li>\n<\/ul>\n<\/li>\n<\/ul>\n\n<iframe src=\"http:\/\/www.facebook.com\/plugins\/like.php?href=https%3A%2F%2Fwww.dimali.at%2F%3Fpage_id%3D9&amp;layout=standard&amp;show_faces=true&amp;width=450&amp;action=like&amp;colorscheme=light&amp;height=80\" scrolling=\"no\" frameborder=\"0\" style=\"border:none; overflow:hidden; width:450px; height:80px;\" allowTransparency=\"true\"><\/iframe>","protected":false},"excerpt":{"rendered":"<p>Musiktheater Die goldne Meisterin (Operette von E. Eysler) &#8211; Wiener Kammeroper Il Barbiere di Siviglia (Oper von G. Rossini) Sch\u00f6nbrunner Schlo\u00dftheater Polnische Hochzeit (deutschsprachige Erstauff\u00fchrung nach Aufhebung des 1938 vom Komponisten erlassenen Auff\u00fchrungsverbotes f\u00fcr den deutschsprachigen Raum\/\u00d6sterreichische Urauff\u00fchrung)\u00a0Wiener Operettensommer 2012 &hellip; <a href=\"https:\/\/www.dimali.at\/?page_id=9\">Weiterlesen <span class=\"meta-nav\">&rarr;<\/span><\/a><\/p>\n","protected":false},"author":1,"featured_media":0,"parent":379,"menu_order":3,"comment_status":"closed","ping_status":"closed","template":"","meta":{"ngg_post_thumbnail":0,"footnotes":""},"yoast_head":"<!-- This site is optimized with the Yoast SEO plugin v23.5 - https:\/\/yoast.com\/wordpress\/plugins\/seo\/ -->\n<title>Vor der B\u00fchne (Regie) - Marion Dimali<\/title>\n<meta name=\"description\" content=\"Regie f\u00fcr Kabarett, Musical, Operette und Oper\" \/>\n<meta name=\"robots\" content=\"index, follow, max-snippet:-1, max-image-preview:large, max-video-preview:-1\" \/>\n<link rel=\"canonical\" href=\"https:\/\/www.dimali.at\/?page_id=9\" \/>\n<meta property=\"og:locale\" content=\"de_DE\" \/>\n<meta property=\"og:type\" content=\"article\" \/>\n<meta property=\"og:title\" content=\"Vor der B\u00fchne (Regie) - Marion Dimali\" \/>\n<meta property=\"og:description\" content=\"Regie f\u00fcr Kabarett, Musical, Operette und Oper\" \/>\n<meta property=\"og:url\" content=\"https:\/\/www.dimali.at\/?page_id=9\" \/>\n<meta property=\"og:site_name\" content=\"Marion Dimali\" \/>\n<meta property=\"article:modified_time\" content=\"2022-09-18T18:49:15+00:00\" \/>\n<meta property=\"og:image\" content=\"https:\/\/www.dimali.at\/wp-content\/uploads\/2011\/02\/Scan0006.jpg\" \/>\n<meta name=\"twitter:card\" content=\"summary_large_image\" \/>\n<meta name=\"twitter:label1\" content=\"Gesch\u00e4tzte Lesezeit\" \/>\n\t<meta name=\"twitter:data1\" content=\"3\u00a0Minuten\" \/>\n<script type=\"application\/ld+json\" class=\"yoast-schema-graph\">{\"@context\":\"https:\/\/schema.org\",\"@graph\":[{\"@type\":\"WebPage\",\"@id\":\"https:\/\/www.dimali.at\/?page_id=9\",\"url\":\"https:\/\/www.dimali.at\/?page_id=9\",\"name\":\"Vor der B\u00fchne (Regie) - Marion Dimali\",\"isPartOf\":{\"@id\":\"https:\/\/www.dimali.at\/#website\"},\"primaryImageOfPage\":{\"@id\":\"https:\/\/www.dimali.at\/?page_id=9#primaryimage\"},\"image\":{\"@id\":\"https:\/\/www.dimali.at\/?page_id=9#primaryimage\"},\"thumbnailUrl\":\"https:\/\/www.dimali.at\/wp-content\/uploads\/2011\/02\/Scan0006.jpg\",\"datePublished\":\"2010-12-01T14:57:27+00:00\",\"dateModified\":\"2022-09-18T18:49:15+00:00\",\"description\":\"Regie f\u00fcr Kabarett, Musical, Operette und Oper\",\"breadcrumb\":{\"@id\":\"https:\/\/www.dimali.at\/?page_id=9#breadcrumb\"},\"inLanguage\":\"de\",\"potentialAction\":[{\"@type\":\"ReadAction\",\"target\":[\"https:\/\/www.dimali.at\/?page_id=9\"]}]},{\"@type\":\"ImageObject\",\"inLanguage\":\"de\",\"@id\":\"https:\/\/www.dimali.at\/?page_id=9#primaryimage\",\"url\":\"https:\/\/www.dimali.at\/wp-content\/uploads\/2011\/02\/Scan0006.jpg\",\"contentUrl\":\"https:\/\/www.dimali.at\/wp-content\/uploads\/2011\/02\/Scan0006.jpg\"},{\"@type\":\"BreadcrumbList\",\"@id\":\"https:\/\/www.dimali.at\/?page_id=9#breadcrumb\",\"itemListElement\":[{\"@type\":\"ListItem\",\"position\":1,\"name\":\"Startseite\",\"item\":\"https:\/\/www.dimali.at\/\"},{\"@type\":\"ListItem\",\"position\":2,\"name\":\"Marion\",\"item\":\"https:\/\/www.dimali.at\/?page_id=379\"},{\"@type\":\"ListItem\",\"position\":3,\"name\":\"Vor der B\u00fchne (Regie)\"}]},{\"@type\":\"WebSite\",\"@id\":\"https:\/\/www.dimali.at\/#website\",\"url\":\"https:\/\/www.dimali.at\/\",\"name\":\"Marion Dimali\",\"description\":\"Schauspielerin, Regisseurin, S\u00e4ngerin, Autorin, Moderatorin und Coach\",\"publisher\":{\"@id\":\"https:\/\/www.dimali.at\/#\/schema\/person\/38cc8838c46d85484de5ef62a654f9da\"},\"potentialAction\":[{\"@type\":\"SearchAction\",\"target\":{\"@type\":\"EntryPoint\",\"urlTemplate\":\"https:\/\/www.dimali.at\/?s={search_term_string}\"},\"query-input\":{\"@type\":\"PropertyValueSpecification\",\"valueRequired\":true,\"valueName\":\"search_term_string\"}}],\"inLanguage\":\"de\"},{\"@type\":[\"Person\",\"Organization\"],\"@id\":\"https:\/\/www.dimali.at\/#\/schema\/person\/38cc8838c46d85484de5ef62a654f9da\",\"name\":\"admin\",\"logo\":{\"@id\":\"https:\/\/www.dimali.at\/#\/schema\/person\/image\/\"}}]}<\/script>\n<!-- \/ Yoast SEO plugin. -->","yoast_head_json":{"title":"Vor der B\u00fchne (Regie) - Marion Dimali","description":"Regie f\u00fcr Kabarett, Musical, Operette und Oper","robots":{"index":"index","follow":"follow","max-snippet":"max-snippet:-1","max-image-preview":"max-image-preview:large","max-video-preview":"max-video-preview:-1"},"canonical":"https:\/\/www.dimali.at\/?page_id=9","og_locale":"de_DE","og_type":"article","og_title":"Vor der B\u00fchne (Regie) - Marion Dimali","og_description":"Regie f\u00fcr Kabarett, Musical, Operette und Oper","og_url":"https:\/\/www.dimali.at\/?page_id=9","og_site_name":"Marion Dimali","article_modified_time":"2022-09-18T18:49:15+00:00","og_image":[{"url":"https:\/\/www.dimali.at\/wp-content\/uploads\/2011\/02\/Scan0006.jpg"}],"twitter_card":"summary_large_image","twitter_misc":{"Gesch\u00e4tzte Lesezeit":"3\u00a0Minuten"},"schema":{"@context":"https:\/\/schema.org","@graph":[{"@type":"WebPage","@id":"https:\/\/www.dimali.at\/?page_id=9","url":"https:\/\/www.dimali.at\/?page_id=9","name":"Vor der B\u00fchne (Regie) - Marion Dimali","isPartOf":{"@id":"https:\/\/www.dimali.at\/#website"},"primaryImageOfPage":{"@id":"https:\/\/www.dimali.at\/?page_id=9#primaryimage"},"image":{"@id":"https:\/\/www.dimali.at\/?page_id=9#primaryimage"},"thumbnailUrl":"https:\/\/www.dimali.at\/wp-content\/uploads\/2011\/02\/Scan0006.jpg","datePublished":"2010-12-01T14:57:27+00:00","dateModified":"2022-09-18T18:49:15+00:00","description":"Regie f\u00fcr Kabarett, Musical, Operette und Oper","breadcrumb":{"@id":"https:\/\/www.dimali.at\/?page_id=9#breadcrumb"},"inLanguage":"de","potentialAction":[{"@type":"ReadAction","target":["https:\/\/www.dimali.at\/?page_id=9"]}]},{"@type":"ImageObject","inLanguage":"de","@id":"https:\/\/www.dimali.at\/?page_id=9#primaryimage","url":"https:\/\/www.dimali.at\/wp-content\/uploads\/2011\/02\/Scan0006.jpg","contentUrl":"https:\/\/www.dimali.at\/wp-content\/uploads\/2011\/02\/Scan0006.jpg"},{"@type":"BreadcrumbList","@id":"https:\/\/www.dimali.at\/?page_id=9#breadcrumb","itemListElement":[{"@type":"ListItem","position":1,"name":"Startseite","item":"https:\/\/www.dimali.at\/"},{"@type":"ListItem","position":2,"name":"Marion","item":"https:\/\/www.dimali.at\/?page_id=379"},{"@type":"ListItem","position":3,"name":"Vor der B\u00fchne (Regie)"}]},{"@type":"WebSite","@id":"https:\/\/www.dimali.at\/#website","url":"https:\/\/www.dimali.at\/","name":"Marion Dimali","description":"Schauspielerin, Regisseurin, S\u00e4ngerin, Autorin, Moderatorin und Coach","publisher":{"@id":"https:\/\/www.dimali.at\/#\/schema\/person\/38cc8838c46d85484de5ef62a654f9da"},"potentialAction":[{"@type":"SearchAction","target":{"@type":"EntryPoint","urlTemplate":"https:\/\/www.dimali.at\/?s={search_term_string}"},"query-input":{"@type":"PropertyValueSpecification","valueRequired":true,"valueName":"search_term_string"}}],"inLanguage":"de"},{"@type":["Person","Organization"],"@id":"https:\/\/www.dimali.at\/#\/schema\/person\/38cc8838c46d85484de5ef62a654f9da","name":"admin","logo":{"@id":"https:\/\/www.dimali.at\/#\/schema\/person\/image\/"}}]}},"_links":{"self":[{"href":"https:\/\/www.dimali.at\/index.php?rest_route=\/wp\/v2\/pages\/9"}],"collection":[{"href":"https:\/\/www.dimali.at\/index.php?rest_route=\/wp\/v2\/pages"}],"about":[{"href":"https:\/\/www.dimali.at\/index.php?rest_route=\/wp\/v2\/types\/page"}],"author":[{"embeddable":true,"href":"https:\/\/www.dimali.at\/index.php?rest_route=\/wp\/v2\/users\/1"}],"replies":[{"embeddable":true,"href":"https:\/\/www.dimali.at\/index.php?rest_route=%2Fwp%2Fv2%2Fcomments&post=9"}],"version-history":[{"count":86,"href":"https:\/\/www.dimali.at\/index.php?rest_route=\/wp\/v2\/pages\/9\/revisions"}],"predecessor-version":[{"id":1646,"href":"https:\/\/www.dimali.at\/index.php?rest_route=\/wp\/v2\/pages\/9\/revisions\/1646"}],"up":[{"embeddable":true,"href":"https:\/\/www.dimali.at\/index.php?rest_route=\/wp\/v2\/pages\/379"}],"wp:attachment":[{"href":"https:\/\/www.dimali.at\/index.php?rest_route=%2Fwp%2Fv2%2Fmedia&parent=9"}],"curies":[{"name":"wp","href":"https:\/\/api.w.org\/{rel}","templated":true}]}}